{"id":61554,"date":"2024-12-26T23:01:07","date_gmt":"2024-12-26T22:01:07","guid":{"rendered":"https:\/\/www.atta45.se\/e-butik\/?post_type=product&#038;p=61554"},"modified":"2025-10-28T04:02:26","modified_gmt":"2025-10-28T03:02:26","slug":"vattentat-bag-for-surfplatta-medium","status":"publish","type":"product","link":"https:\/\/www.atta45.se\/e-butik\/produkt\/vattentat-bag-for-surfplatta-medium\/","title":{"rendered":"Fodral, v\u00e4ska vattent\u00e4t f\u00f6r surfplatta (Medium)"},"content":{"rendered":"<p>En vattent\u00e4t f\u00f6rs\u00e4kring. En vattent\u00e4t bag \u00e4r utm\u00e4rkt f\u00f6rvaring som h\u00e5ller surfplattan torr och ren vid aktiviteter i och n\u00e4ra vatten, sand, smuts och damm. Passar storlek ca 8 inch.<\/p>\n","protected":false},"excerpt":{"rendered":"<p>En vattent\u00e4t f\u00f6rs\u00e4kring. En vattent\u00e4t bag \u00e4r utm\u00e4rkt f\u00f6rvaring som h\u00e5ller surfplattan torr och ren vid aktiviteter i och n\u00e4ra vatten, sand, smuts och damm. Passar storlek ca 8 inch.<\/p>\n","protected":false},"featured_media":61555,"template":"","meta":{"_acf_changed":false,"_seopress_robots_primary_cat":"","_seopress_titles_title":"","_seopress_titles_desc":"","_seopress_robots_index":""},"product_brand":[],"product_cat":[15],"product_tag":[],"class_list":{"0":"post-61554","1":"product","2":"type-product","3":"status-publish","4":"has-post-thumbnail","6":"product_cat-okategoriserad","7":"atta45_taxonomy-mobiltillbehor-mobiltillbehor-sv","8":"atta45_taxonomy-fritid-spel-leksaker-uppblasbart-strandartiklar-sv","9":"atta45_taxonomy-fritid-uppblasbart-strandartiklar-sv","11":"first","12":"instock","13":"taxable","14":"shipping-taxable","15":"purchasable","16":"product-type-variable"},"acf":[],"_links":{"self":[{"href":"https:\/\/www.atta45.se\/e-butik\/wp-json\/wp\/v2\/product\/61554","targetHints":{"allow":["GET"]}}],"collection":[{"href":"https:\/\/www.atta45.se\/e-butik\/wp-json\/wp\/v2\/product"}],"about":[{"href":"https:\/\/www.atta45.se\/e-butik\/wp-json\/wp\/v2\/types\/product"}],"wp:featuredmedia":[{"embeddable":true,"href":"https:\/\/www.atta45.se\/e-butik\/wp-json\/wp\/v2\/media\/61555"}],"wp:attachment":[{"href":"https:\/\/www.atta45.se\/e-butik\/wp-json\/wp\/v2\/media?parent=61554"}],"wp:term":[{"taxonomy":"product_brand","embeddable":true,"href":"https:\/\/www.atta45.se\/e-butik\/wp-json\/wp\/v2\/product_brand?post=61554"},{"taxonomy":"product_cat","embeddable":true,"href":"https:\/\/www.atta45.se\/e-butik\/wp-json\/wp\/v2\/product_cat?post=61554"},{"taxonomy":"product_tag","embeddable":true,"href":"https:\/\/www.atta45.se\/e-butik\/wp-json\/wp\/v2\/product_tag?post=61554"}],"curies":[{"name":"wp","href":"https:\/\/api.w.org\/{rel}","templated":true}]}}