{"id":61492,"date":"2024-12-26T23:00:11","date_gmt":"2024-12-26T22:00:11","guid":{"rendered":"https:\/\/www.atta45.se\/e-butik\/?post_type=product&#038;p=61492"},"modified":"2025-10-27T17:53:58","modified_gmt":"2025-10-27T16:53:58","slug":"strandskarm-eu","status":"publish","type":"product","link":"https:\/\/www.atta45.se\/e-butik\/produkt\/strandskarm-eu\/","title":{"rendered":"Strandsk\u00e4rm EU"},"content":{"rendered":"<p>Producerad i Europa<\/p>\n<p>Strandsk\u00e4rmen ger utm\u00e4rkt skydd mot vind och sand samtidigt som den \u00e4r en originell form av utomhusreklam.<\/p>\n<p>den stora tryckytan ger m\u00f6jlighet att exponera reklammaterial och \u00f6kar chansen att n\u00e5 ett brett spektrum av potentiella kunder.<br \/>Finns i 3, 5 eller 5 brite sk\u00e4rmar<\/p>\n<p>Sammans\u00e4ttning: 100 % polyester<br \/>Fast storlek: 68 x 98 cm (+\/- 1 cm)<br \/>Vikt: 160 g\/m2<br \/>Tryck: Enkelsidig sublimering<br \/>Tryckplats: Hela ytan<br \/>F\u00f6rpackning: Separat i polybag (extra kostnad)<\/p>\n<p>Ett set inneh\u00e5ller: tryckt tyg, tr\u00e4stolpar<\/p>\n<p>The One Premium<\/p>\n","protected":false},"excerpt":{"rendered":"<p>Producerad i Europa Strandsk\u00e4rmen ger utm\u00e4rkt skydd mot vind och sand samtidigt som den \u00e4r en originell form av utomhusreklam. den stora tryckytan ger m\u00f6jlighet att exponera reklammaterial och \u00f6kar chansen att n\u00e5 ett brett spektrum av potentiella kunder.Finns i 3, 5 eller 5 brite sk\u00e4rmar Sammans\u00e4ttning: 100 % polyesterFast storlek: 68 x 98 cm [&hellip;]<\/p>\n","protected":false},"featured_media":61493,"template":"","meta":{"_acf_changed":false,"_seopress_robots_primary_cat":"","_seopress_titles_title":"","_seopress_titles_desc":"","_seopress_robots_index":""},"product_brand":[],"product_cat":[15],"product_tag":[],"class_list":{"0":"post-61492","1":"product","2":"type-product","3":"status-publish","4":"has-post-thumbnail","6":"product_cat-okategoriserad","7":"atta45_taxonomy-textil-handdukar-badrockar-sv","8":"atta45_taxonomy-fritid-sportartiklar-sv","9":"atta45_taxonomy-tema-inspiration-varumarken-the-one-premium-sv","10":"atta45_taxonomy-fritid-spel-leksaker-uppblasbart-strandartiklar-sv","12":"first","13":"instock","14":"taxable","15":"shipping-taxable","16":"purchasable","17":"product-type-variable"},"acf":[],"_links":{"self":[{"href":"https:\/\/www.atta45.se\/e-butik\/wp-json\/wp\/v2\/product\/61492","targetHints":{"allow":["GET"]}}],"collection":[{"href":"https:\/\/www.atta45.se\/e-butik\/wp-json\/wp\/v2\/product"}],"about":[{"href":"https:\/\/www.atta45.se\/e-butik\/wp-json\/wp\/v2\/types\/product"}],"wp:featuredmedia":[{"embeddable":true,"href":"https:\/\/www.atta45.se\/e-butik\/wp-json\/wp\/v2\/media\/61493"}],"wp:attachment":[{"href":"https:\/\/www.atta45.se\/e-butik\/wp-json\/wp\/v2\/media?parent=61492"}],"wp:term":[{"taxonomy":"product_brand","embeddable":true,"href":"https:\/\/www.atta45.se\/e-butik\/wp-json\/wp\/v2\/product_brand?post=61492"},{"taxonomy":"product_cat","embeddable":true,"href":"https:\/\/www.atta45.se\/e-butik\/wp-json\/wp\/v2\/product_cat?post=61492"},{"taxonomy":"product_tag","embeddable":true,"href":"https:\/\/www.atta45.se\/e-butik\/wp-json\/wp\/v2\/product_tag?post=61492"}],"curies":[{"name":"wp","href":"https:\/\/api.w.org\/{rel}","templated":true}]}}