{"id":61238,"date":"2024-12-26T22:56:02","date_gmt":"2024-12-26T21:56:02","guid":{"rendered":"https:\/\/www.atta45.se\/e-butik\/?post_type=product&#038;p=61238"},"modified":"2025-10-27T14:55:02","modified_gmt":"2025-10-27T13:55:02","slug":"julstrumpa-i-non-woven-80-gr-m%c2%b2","status":"publish","type":"product","link":"https:\/\/www.atta45.se\/e-butik\/produkt\/julstrumpa-i-non-woven-80-gr-m%c2%b2\/","title":{"rendered":"Julstrumpa i non-woven (80 gr\/m\u00b2)"},"content":{"rendered":"<p>Julstrumpa i non-woven (80 gr\/m\u00b2), enf\u00e4rgat r\u00f6d p\u00e5 ena sidan och vit med tryck p\u00e5 andra sidan, l\u00e4mplig f\u00f6r f\u00e4rgl\u00e4ggning. Set med fyra kritor (gr\u00f6n, r\u00f6d, gul och bl\u00e5) i polyp\u00e5se ing\u00e5r.<\/p>\n","protected":false},"excerpt":{"rendered":"<p>Julstrumpa i non-woven (80 gr\/m\u00b2), enf\u00e4rgat r\u00f6d p\u00e5 ena sidan och vit med tryck p\u00e5 andra sidan, l\u00e4mplig f\u00f6r f\u00e4rgl\u00e4ggning. Set med fyra kritor (gr\u00f6n, r\u00f6d, gul och bl\u00e5) i polyp\u00e5se ing\u00e5r.<\/p>\n","protected":false},"featured_media":61239,"template":"","meta":{"_acf_changed":false,"_seopress_robots_primary_cat":"","_seopress_titles_title":"","_seopress_titles_desc":"","_seopress_robots_index":""},"product_brand":[],"product_cat":[15],"product_tag":[],"class_list":{"0":"post-61238","1":"product","2":"type-product","3":"status-publish","4":"has-post-thumbnail","6":"product_cat-okategoriserad","7":"atta45_taxonomy-tema-inspiration-ogonblick-arsslut-sv","8":"atta45_taxonomy-tema-inspiration-ogonblick-jul-sv","9":"atta45_taxonomy-tema-inspiration-ogonblick-sv","10":"atta45_taxonomy-pennor-rit-farglaggning-sv","11":"atta45_taxonomy-fritid-spel-leksaker-rit-farglaggning-sv","12":"atta45_taxonomy-fritid-spel-leksaker-sv","13":"atta45_taxonomy-tema-inspiration-sv","14":"atta45_taxonomy-fritid-xmas-sv","16":"first","17":"instock","18":"taxable","19":"shipping-taxable","20":"purchasable","21":"product-type-variable"},"acf":[],"_links":{"self":[{"href":"https:\/\/www.atta45.se\/e-butik\/wp-json\/wp\/v2\/product\/61238","targetHints":{"allow":["GET"]}}],"collection":[{"href":"https:\/\/www.atta45.se\/e-butik\/wp-json\/wp\/v2\/product"}],"about":[{"href":"https:\/\/www.atta45.se\/e-butik\/wp-json\/wp\/v2\/types\/product"}],"wp:featuredmedia":[{"embeddable":true,"href":"https:\/\/www.atta45.se\/e-butik\/wp-json\/wp\/v2\/media\/61239"}],"wp:attachment":[{"href":"https:\/\/www.atta45.se\/e-butik\/wp-json\/wp\/v2\/media?parent=61238"}],"wp:term":[{"taxonomy":"product_brand","embeddable":true,"href":"https:\/\/www.atta45.se\/e-butik\/wp-json\/wp\/v2\/product_brand?post=61238"},{"taxonomy":"product_cat","embeddable":true,"href":"https:\/\/www.atta45.se\/e-butik\/wp-json\/wp\/v2\/product_cat?post=61238"},{"taxonomy":"product_tag","embeddable":true,"href":"https:\/\/www.atta45.se\/e-butik\/wp-json\/wp\/v2\/product_tag?post=61238"}],"curies":[{"name":"wp","href":"https:\/\/api.w.org\/{rel}","templated":true}]}}