{"id":61202,"date":"2024-12-26T22:55:36","date_gmt":"2024-12-26T21:55:36","guid":{"rendered":"https:\/\/www.atta45.se\/e-butik\/?post_type=product&#038;p=61202"},"modified":"2025-10-27T14:53:18","modified_gmt":"2025-10-27T13:53:18","slug":"fyra-i-rad-spel-i-pp-plast","status":"publish","type":"product","link":"https:\/\/www.atta45.se\/e-butik\/produkt\/fyra-i-rad-spel-i-pp-plast\/","title":{"rendered":"Fyra-i-rad spel i PP-plast"},"content":{"rendered":"<p>Spel &#8217;Fyra-i-rad&#8217;, i PP-plast. Spelet \u00e4r hopvikbart och inneh\u00e5ller tv\u00e5 polyp\u00e5sar med 21 st gula resp. 21 st r\u00f6da spelmarker. Hopvikt storlek: 13 x 9 x 2,5 cm. Levereras i ett fodral av non-woven med dragsko.<\/p>\n","protected":false},"excerpt":{"rendered":"<p>Spel &#8217;Fyra-i-rad&#8217;, i PP-plast. Spelet \u00e4r hopvikbart och inneh\u00e5ller tv\u00e5 polyp\u00e5sar med 21 st gula resp. 21 st r\u00f6da spelmarker. Hopvikt storlek: 13 x 9 x 2,5 cm. Levereras i ett fodral av non-woven med dragsko.<\/p>\n","protected":false},"featured_media":61203,"template":"","meta":{"_acf_changed":false,"_seopress_robots_primary_cat":"","_seopress_titles_title":"","_seopress_titles_desc":"","_seopress_robots_index":""},"product_brand":[],"product_cat":[15],"product_tag":[],"class_list":{"0":"post-61202","1":"product","2":"type-product","3":"status-publish","4":"has-post-thumbnail","6":"product_cat-okategoriserad","7":"atta45_taxonomy-tema-inspiration-ogonblick-arsslut-sv","8":"atta45_taxonomy-tema-inspiration-branscher-sv","9":"atta45_taxonomy-tema-inspiration-branscher-rekreation-sv","10":"atta45_taxonomy-tema-inspiration-ogonblick-sommargladje-sv","11":"atta45_taxonomy-fritid-spel-leksaker-spel-sv","12":"atta45_taxonomy-fritid-spel-leksaker-sv","13":"atta45_taxonomy-tema-inspiration-sv","15":"first","16":"instock","17":"taxable","18":"shipping-taxable","19":"purchasable","20":"product-type-variable"},"acf":[],"_links":{"self":[{"href":"https:\/\/www.atta45.se\/e-butik\/wp-json\/wp\/v2\/product\/61202","targetHints":{"allow":["GET"]}}],"collection":[{"href":"https:\/\/www.atta45.se\/e-butik\/wp-json\/wp\/v2\/product"}],"about":[{"href":"https:\/\/www.atta45.se\/e-butik\/wp-json\/wp\/v2\/types\/product"}],"wp:featuredmedia":[{"embeddable":true,"href":"https:\/\/www.atta45.se\/e-butik\/wp-json\/wp\/v2\/media\/61203"}],"wp:attachment":[{"href":"https:\/\/www.atta45.se\/e-butik\/wp-json\/wp\/v2\/media?parent=61202"}],"wp:term":[{"taxonomy":"product_brand","embeddable":true,"href":"https:\/\/www.atta45.se\/e-butik\/wp-json\/wp\/v2\/product_brand?post=61202"},{"taxonomy":"product_cat","embeddable":true,"href":"https:\/\/www.atta45.se\/e-butik\/wp-json\/wp\/v2\/product_cat?post=61202"},{"taxonomy":"product_tag","embeddable":true,"href":"https:\/\/www.atta45.se\/e-butik\/wp-json\/wp\/v2\/product_tag?post=61202"}],"curies":[{"name":"wp","href":"https:\/\/api.w.org\/{rel}","templated":true}]}}