{"id":6119,"date":"2020-10-07T10:44:02","date_gmt":"2020-10-07T08:44:02","guid":{"rendered":"https:\/\/www.atta45.se\/e-butik\/?post_type=product&#038;p=6119"},"modified":"2025-12-12T15:05:15","modified_gmt":"2025-12-12T14:05:15","slug":"display-till-ecostand","status":"publish","type":"product","link":"https:\/\/www.atta45.se\/e-butik\/produkt\/display-till-ecostand\/","title":{"rendered":"Display till EcoStand"},"content":{"rendered":"","protected":false},"excerpt":{"rendered":"<p>Du kan enkelt byta ut budskapet i din EcoStand. Displayskylten som anv\u00e4nds till EcoStand trycks dubbelsidigt p\u00e5 kartong: Oppboga Excellent 500g. Skyltningen syns allts\u00e5 lika bra \u00e5t tv\u00e5 h\u00e5ll. Ni kan ha samma eller olika budskap p\u00e5 de tv\u00e5 sidorna. Formatet f\u00f6r den tryckta ytan \u00e4r 380&#215;1450 mm.<\/p>\n<p>OBS: Vi kan endast ta emot en fil per produkt. Om ni vill ladda upp fler tryckoriginal, s\u00e5 skapa en mapp som ni l\u00e4gger filerna i. Sedan komprimerar ni mappen. Vi tar emot komprimerade format s\u00e5som: zip, rar, gz och 7z.<\/p>\n","protected":false},"featured_media":6131,"template":"","meta":{"_acf_changed":false,"_seopress_robots_primary_cat":"none","_seopress_titles_title":"","_seopress_titles_desc":"","_seopress_robots_index":""},"product_brand":[],"product_cat":[15,110],"product_tag":[],"class_list":{"0":"post-6119","1":"product","2":"type-product","3":"status-publish","4":"has-post-thumbnail","6":"product_cat-okategoriserad","7":"product_cat-butiksmaterial","9":"first","10":"instock","11":"taxable","12":"shipping-taxable","13":"purchasable","14":"product-type-variable","15":"has-default-attributes"},"acf":[],"_links":{"self":[{"href":"https:\/\/www.atta45.se\/e-butik\/wp-json\/wp\/v2\/product\/6119","targetHints":{"allow":["GET"]}}],"collection":[{"href":"https:\/\/www.atta45.se\/e-butik\/wp-json\/wp\/v2\/product"}],"about":[{"href":"https:\/\/www.atta45.se\/e-butik\/wp-json\/wp\/v2\/types\/product"}],"wp:featuredmedia":[{"embeddable":true,"href":"https:\/\/www.atta45.se\/e-butik\/wp-json\/wp\/v2\/media\/6131"}],"wp:attachment":[{"href":"https:\/\/www.atta45.se\/e-butik\/wp-json\/wp\/v2\/media?parent=6119"}],"wp:term":[{"taxonomy":"product_brand","embeddable":true,"href":"https:\/\/www.atta45.se\/e-butik\/wp-json\/wp\/v2\/product_brand?post=6119"},{"taxonomy":"product_cat","embeddable":true,"href":"https:\/\/www.atta45.se\/e-butik\/wp-json\/wp\/v2\/product_cat?post=6119"},{"taxonomy":"product_tag","embeddable":true,"href":"https:\/\/www.atta45.se\/e-butik\/wp-json\/wp\/v2\/product_tag?post=6119"}],"curies":[{"name":"wp","href":"https:\/\/api.w.org\/{rel}","templated":true}]}}