{"id":61170,"date":"2024-12-26T22:55:19","date_gmt":"2024-12-26T21:55:19","guid":{"rendered":"https:\/\/www.atta45.se\/e-butik\/?post_type=product&#038;p=61170"},"modified":"2025-10-27T14:49:09","modified_gmt":"2025-10-27T13:49:09","slug":"tuta-i-pp","status":"publish","type":"product","link":"https:\/\/www.atta45.se\/e-butik\/produkt\/tuta-i-pp\/","title":{"rendered":"Tuta i PP Bruce"},"content":{"rendered":"<p>Tuta i PP-plast, inklusive s\u00e4kerhetssp\u00e4rr. L\u00e4ngd p\u00e5 sn\u00f6ret: 100 cm.<\/p>\n","protected":false},"excerpt":{"rendered":"<p>Tuta i PP-plast, inklusive s\u00e4kerhetssp\u00e4rr. L\u00e4ngd p\u00e5 sn\u00f6ret: 100 cm.<\/p>\n","protected":false},"featured_media":61171,"template":"","meta":{"_acf_changed":false,"_seopress_robots_primary_cat":"","_seopress_titles_title":"","_seopress_titles_desc":"","_seopress_robots_index":""},"product_brand":[],"product_cat":[15],"product_tag":[],"class_list":{"0":"post-61170","1":"product","2":"type-product","3":"status-publish","4":"has-post-thumbnail","6":"product_cat-okategoriserad","7":"atta45_taxonomy-tema-inspiration-ogonblick-skoldags-sv","8":"atta45_taxonomy-fritid-spel-leksaker-spel-sv","9":"atta45_taxonomy-fritid-spel-leksaker-sv","10":"atta45_taxonomy-tema-inspiration-ogonblick-sporthandelser-sv","11":"atta45_taxonomy-tema-inspiration-sv","12":"atta45_taxonomy-fritid-spel-leksaker-uppblasbart-strandartiklar-sv","14":"first","15":"instock","16":"taxable","17":"shipping-taxable","18":"purchasable","19":"product-type-variable"},"acf":[],"_links":{"self":[{"href":"https:\/\/www.atta45.se\/e-butik\/wp-json\/wp\/v2\/product\/61170","targetHints":{"allow":["GET"]}}],"collection":[{"href":"https:\/\/www.atta45.se\/e-butik\/wp-json\/wp\/v2\/product"}],"about":[{"href":"https:\/\/www.atta45.se\/e-butik\/wp-json\/wp\/v2\/types\/product"}],"wp:featuredmedia":[{"embeddable":true,"href":"https:\/\/www.atta45.se\/e-butik\/wp-json\/wp\/v2\/media\/61171"}],"wp:attachment":[{"href":"https:\/\/www.atta45.se\/e-butik\/wp-json\/wp\/v2\/media?parent=61170"}],"wp:term":[{"taxonomy":"product_brand","embeddable":true,"href":"https:\/\/www.atta45.se\/e-butik\/wp-json\/wp\/v2\/product_brand?post=61170"},{"taxonomy":"product_cat","embeddable":true,"href":"https:\/\/www.atta45.se\/e-butik\/wp-json\/wp\/v2\/product_cat?post=61170"},{"taxonomy":"product_tag","embeddable":true,"href":"https:\/\/www.atta45.se\/e-butik\/wp-json\/wp\/v2\/product_tag?post=61170"}],"curies":[{"name":"wp","href":"https:\/\/api.w.org\/{rel}","templated":true}]}}