{"id":61108,"date":"2024-12-26T22:54:37","date_gmt":"2024-12-26T21:54:37","guid":{"rendered":"https:\/\/www.atta45.se\/e-butik\/?post_type=product&#038;p=61108"},"modified":"2025-10-27T14:38:28","modified_gmt":"2025-10-27T13:38:28","slug":"mjukdjur-mus","status":"publish","type":"product","link":"https:\/\/www.atta45.se\/e-butik\/produkt\/mjukdjur-mus\/","title":{"rendered":"Mjukdjur Mus Lia"},"content":{"rendered":"<p>Mus i plysch. V\u00e4ldigt mjuk och gosig. CE-m\u00e4rkt. Dock ej l\u00e4mplig f\u00f6r barn mellan 0-3 \u00e5r. M\u00e4rkning kan g\u00f6ras p\u00e5 en rondell som \u00e4r f\u00e4st i \u00f6rat. F\u00f6r \u00f6vrig m\u00e4rkning s\u00e5 h\u00e4nvisar vi till T-shirt 5013.<\/p>\n","protected":false},"excerpt":{"rendered":"<p>Mus i plysch. V\u00e4ldigt mjuk och gosig. CE-m\u00e4rkt. Dock ej l\u00e4mplig f\u00f6r barn mellan 0-3 \u00e5r. M\u00e4rkning kan g\u00f6ras p\u00e5 en rondell som \u00e4r f\u00e4st i \u00f6rat. F\u00f6r \u00f6vrig m\u00e4rkning s\u00e5 h\u00e4nvisar vi till T-shirt 5013.<\/p>\n","protected":false},"featured_media":61109,"template":"","meta":{"_acf_changed":false,"_seopress_robots_primary_cat":"","_seopress_titles_title":"","_seopress_titles_desc":"","_seopress_robots_index":""},"product_brand":[],"product_cat":[15],"product_tag":[],"class_list":{"0":"post-61108","1":"product","2":"type-product","3":"status-publish","4":"has-post-thumbnail","6":"product_cat-okategoriserad","7":"atta45_taxonomy-tema-inspiration-branscher-sv","8":"atta45_taxonomy-fritid-spel-leksaker-leksaker-sv","9":"atta45_taxonomy-fritid-spel-leksaker-plysch-sv","10":"atta45_taxonomy-fritid-spel-leksaker-sv","11":"atta45_taxonomy-tema-inspiration-sv","12":"atta45_taxonomy-tema-inspiration-branscher-utbildning-sv","13":"atta45_taxonomy-tema-inspiration-ogonblick-vinterlandskap-sv","15":"first","16":"instock","17":"taxable","18":"shipping-taxable","19":"purchasable","20":"product-type-variable"},"acf":[],"_links":{"self":[{"href":"https:\/\/www.atta45.se\/e-butik\/wp-json\/wp\/v2\/product\/61108","targetHints":{"allow":["GET"]}}],"collection":[{"href":"https:\/\/www.atta45.se\/e-butik\/wp-json\/wp\/v2\/product"}],"about":[{"href":"https:\/\/www.atta45.se\/e-butik\/wp-json\/wp\/v2\/types\/product"}],"wp:featuredmedia":[{"embeddable":true,"href":"https:\/\/www.atta45.se\/e-butik\/wp-json\/wp\/v2\/media\/61109"}],"wp:attachment":[{"href":"https:\/\/www.atta45.se\/e-butik\/wp-json\/wp\/v2\/media?parent=61108"}],"wp:term":[{"taxonomy":"product_brand","embeddable":true,"href":"https:\/\/www.atta45.se\/e-butik\/wp-json\/wp\/v2\/product_brand?post=61108"},{"taxonomy":"product_cat","embeddable":true,"href":"https:\/\/www.atta45.se\/e-butik\/wp-json\/wp\/v2\/product_cat?post=61108"},{"taxonomy":"product_tag","embeddable":true,"href":"https:\/\/www.atta45.se\/e-butik\/wp-json\/wp\/v2\/product_tag?post=61108"}],"curies":[{"name":"wp","href":"https:\/\/api.w.org\/{rel}","templated":true}]}}