{"id":61052,"date":"2024-12-26T22:53:49","date_gmt":"2024-12-26T21:53:49","guid":{"rendered":"https:\/\/www.atta45.se\/e-butik\/?post_type=product&#038;p=61052"},"modified":"2025-10-27T14:34:08","modified_gmt":"2025-10-27T13:34:08","slug":"antistressfigur-hjarta","status":"publish","type":"product","link":"https:\/\/www.atta45.se\/e-butik\/produkt\/antistressfigur-hjarta\/","title":{"rendered":"Antistressfigur hj\u00e4rta Sia"},"content":{"rendered":"<p>Antistressfigur i form av ett hj\u00e4rta. Tillverkad av PU skum. Eftersom figuren \u00e4r tillverkad ett v\u00e4ldigt por\u00f6st material s\u00e5 b\u00f6r man t\u00e4nka p\u00e5 att ett eventuellt tryck blir begr\u00e4nsat i detaljrikedom, livsl\u00e4ngd och fixering.<\/p>\n","protected":false},"excerpt":{"rendered":"<p>Antistressfigur i form av ett hj\u00e4rta. Tillverkad av PU skum. Eftersom figuren \u00e4r tillverkad ett v\u00e4ldigt por\u00f6st material s\u00e5 b\u00f6r man t\u00e4nka p\u00e5 att ett eventuellt tryck blir begr\u00e4nsat i detaljrikedom, livsl\u00e4ngd och fixering.<\/p>\n","protected":false},"featured_media":61053,"template":"","meta":{"_acf_changed":false,"_seopress_robots_primary_cat":"","_seopress_titles_title":"","_seopress_titles_desc":"","_seopress_robots_index":""},"product_brand":[],"product_cat":[15],"product_tag":[],"class_list":{"0":"post-61052","1":"product","2":"type-product","3":"status-publish","4":"has-post-thumbnail","6":"product_cat-okategoriserad","7":"atta45_taxonomy-tema-inspiration-ogonblick-alla-hjartans-dag-sv","8":"atta45_taxonomy-tema-inspiration-ogonblick-arsslut-sv","9":"atta45_taxonomy-reflexer-verktyg-sakerhet-biltillbehor-sv","10":"atta45_taxonomy-tema-inspiration-branscher-sv","11":"atta45_taxonomy-tema-inspiration-branscher-fordonsindustrin-sv","12":"atta45_taxonomy-hem-hushall-sv","13":"atta45_taxonomy-tema-inspiration-branscher-konstruktion-sv","14":"atta45_taxonomy-fritid-spel-leksaker-leksaker-sv","15":"atta45_taxonomy-tema-inspiration-ogonblick-sv","16":"atta45_taxonomy-tema-inspiration-branscher-rekreation-sv","17":"atta45_taxonomy-tema-inspiration-branscher-sjukvard-sv","18":"atta45_taxonomy-tema-inspiration-ogonblick-skoldags-sv","19":"atta45_taxonomy-tema-inspiration-branscher-skonhet-friskvard-sv","20":"atta45_taxonomy-fritid-spel-leksaker-sv","21":"atta45_taxonomy-tema-inspiration-sv","22":"atta45_taxonomy-tema-inspiration-branscher-utbildning-sv","24":"first","25":"instock","26":"taxable","27":"shipping-taxable","28":"purchasable","29":"product-type-variable"},"acf":[],"_links":{"self":[{"href":"https:\/\/www.atta45.se\/e-butik\/wp-json\/wp\/v2\/product\/61052","targetHints":{"allow":["GET"]}}],"collection":[{"href":"https:\/\/www.atta45.se\/e-butik\/wp-json\/wp\/v2\/product"}],"about":[{"href":"https:\/\/www.atta45.se\/e-butik\/wp-json\/wp\/v2\/types\/product"}],"wp:featuredmedia":[{"embeddable":true,"href":"https:\/\/www.atta45.se\/e-butik\/wp-json\/wp\/v2\/media\/61053"}],"wp:attachment":[{"href":"https:\/\/www.atta45.se\/e-butik\/wp-json\/wp\/v2\/media?parent=61052"}],"wp:term":[{"taxonomy":"product_brand","embeddable":true,"href":"https:\/\/www.atta45.se\/e-butik\/wp-json\/wp\/v2\/product_brand?post=61052"},{"taxonomy":"product_cat","embeddable":true,"href":"https:\/\/www.atta45.se\/e-butik\/wp-json\/wp\/v2\/product_cat?post=61052"},{"taxonomy":"product_tag","embeddable":true,"href":"https:\/\/www.atta45.se\/e-butik\/wp-json\/wp\/v2\/product_tag?post=61052"}],"curies":[{"name":"wp","href":"https:\/\/api.w.org\/{rel}","templated":true}]}}