{"id":60962,"date":"2024-12-26T22:51:47","date_gmt":"2024-12-26T21:51:47","guid":{"rendered":"https:\/\/www.atta45.se\/e-butik\/?post_type=product&#038;p=60962"},"modified":"2025-10-28T00:21:35","modified_gmt":"2025-10-27T23:21:35","slug":"plyschfigur-tiger-hector","status":"publish","type":"product","link":"https:\/\/www.atta45.se\/e-butik\/produkt\/plyschfigur-tiger-hector\/","title":{"rendered":"Plyschfigur tiger Hector"},"content":{"rendered":"<p>Gosedjur, tiger i plysch med \u00f6gon, mun och morrh\u00e5r. Med etikett f\u00f6r logom\u00e4rkning. F\u00f6r \u00f6vrig m\u00e4rkning s\u00e5 h\u00e4nvisar vi till T-shirt GI5013.<\/p>\n","protected":false},"excerpt":{"rendered":"<p>Gosedjur, tiger i plysch med \u00f6gon, mun och morrh\u00e5r. Med etikett f\u00f6r logom\u00e4rkning. F\u00f6r \u00f6vrig m\u00e4rkning s\u00e5 h\u00e4nvisar vi till T-shirt GI5013.<\/p>\n","protected":false},"featured_media":60963,"template":"","meta":{"_acf_changed":false,"_seopress_robots_primary_cat":"","_seopress_titles_title":"","_seopress_titles_desc":"","_seopress_robots_index":""},"product_brand":[],"product_cat":[15],"product_tag":[],"class_list":{"0":"post-60962","1":"product","2":"type-product","3":"status-publish","4":"has-post-thumbnail","6":"product_cat-okategoriserad","7":"atta45_taxonomy-tema-inspiration-ogonblick-arsslut-sv","8":"atta45_taxonomy-tema-inspiration-utvalda-produkter-nyheter-sv","9":"atta45_taxonomy-nyheter-sv","10":"atta45_taxonomy-fritid-spel-leksaker-plysch-sv","11":"atta45_taxonomy-fritid-spel-leksaker-sv","12":"atta45_taxonomy-tema-inspiration-sv","14":"first","15":"instock","16":"taxable","17":"shipping-taxable","18":"purchasable","19":"product-type-variable"},"acf":[],"_links":{"self":[{"href":"https:\/\/www.atta45.se\/e-butik\/wp-json\/wp\/v2\/product\/60962","targetHints":{"allow":["GET"]}}],"collection":[{"href":"https:\/\/www.atta45.se\/e-butik\/wp-json\/wp\/v2\/product"}],"about":[{"href":"https:\/\/www.atta45.se\/e-butik\/wp-json\/wp\/v2\/types\/product"}],"wp:featuredmedia":[{"embeddable":true,"href":"https:\/\/www.atta45.se\/e-butik\/wp-json\/wp\/v2\/media\/60963"}],"wp:attachment":[{"href":"https:\/\/www.atta45.se\/e-butik\/wp-json\/wp\/v2\/media?parent=60962"}],"wp:term":[{"taxonomy":"product_brand","embeddable":true,"href":"https:\/\/www.atta45.se\/e-butik\/wp-json\/wp\/v2\/product_brand?post=60962"},{"taxonomy":"product_cat","embeddable":true,"href":"https:\/\/www.atta45.se\/e-butik\/wp-json\/wp\/v2\/product_cat?post=60962"},{"taxonomy":"product_tag","embeddable":true,"href":"https:\/\/www.atta45.se\/e-butik\/wp-json\/wp\/v2\/product_tag?post=60962"}],"curies":[{"name":"wp","href":"https:\/\/api.w.org\/{rel}","templated":true}]}}