{"id":60924,"date":"2024-12-26T22:51:17","date_gmt":"2024-12-26T21:51:17","guid":{"rendered":"https:\/\/www.atta45.se\/e-butik\/?post_type=product&#038;p=60924"},"modified":"2025-10-28T00:15:41","modified_gmt":"2025-10-27T23:15:41","slug":"tra-fardighetsspel-gisa","status":"publish","type":"product","link":"https:\/\/www.atta45.se\/e-butik\/produkt\/tra-fardighetsspel-gisa\/","title":{"rendered":"F\u00e4rdighetsspel i tr\u00e4 Gisa"},"content":{"rendered":"<p>Tr\u00e4blockstorn, klurigt spel. F\u00f6rpackad i bomullsp\u00e5se.<\/p>\n","protected":false},"excerpt":{"rendered":"<p>Tr\u00e4blockstorn, klurigt spel. F\u00f6rpackad i bomullsp\u00e5se.<\/p>\n","protected":false},"featured_media":60925,"template":"","meta":{"_acf_changed":false,"_seopress_robots_primary_cat":"","_seopress_titles_title":"","_seopress_titles_desc":"","_seopress_robots_index":""},"product_brand":[],"product_cat":[15],"product_tag":[],"class_list":{"0":"post-60924","1":"product","2":"type-product","3":"status-publish","4":"has-post-thumbnail","6":"product_cat-okategoriserad","7":"atta45_taxonomy-tema-inspiration-ogonblick-arsslut-sv","8":"atta45_taxonomy-tema-inspiration-branscher-sv","9":"atta45_taxonomy-tema-inspiration-grona-intryck-sv","10":"atta45_taxonomy-nyheter-sv","11":"atta45_taxonomy-tema-inspiration-utvalda-produkter-nyheter-sv","12":"atta45_taxonomy-tema-inspiration-branscher-rekreation-sv","13":"atta45_taxonomy-fritid-spel-leksaker-spel-sv","14":"atta45_taxonomy-fritid-spel-leksaker-sv","15":"atta45_taxonomy-tema-inspiration-sv","16":"atta45_taxonomy-tema-inspiration-branscher-utbildning-sv","18":"first","19":"instock","20":"taxable","21":"shipping-taxable","22":"purchasable","23":"product-type-variable"},"acf":[],"_links":{"self":[{"href":"https:\/\/www.atta45.se\/e-butik\/wp-json\/wp\/v2\/product\/60924","targetHints":{"allow":["GET"]}}],"collection":[{"href":"https:\/\/www.atta45.se\/e-butik\/wp-json\/wp\/v2\/product"}],"about":[{"href":"https:\/\/www.atta45.se\/e-butik\/wp-json\/wp\/v2\/types\/product"}],"wp:featuredmedia":[{"embeddable":true,"href":"https:\/\/www.atta45.se\/e-butik\/wp-json\/wp\/v2\/media\/60925"}],"wp:attachment":[{"href":"https:\/\/www.atta45.se\/e-butik\/wp-json\/wp\/v2\/media?parent=60924"}],"wp:term":[{"taxonomy":"product_brand","embeddable":true,"href":"https:\/\/www.atta45.se\/e-butik\/wp-json\/wp\/v2\/product_brand?post=60924"},{"taxonomy":"product_cat","embeddable":true,"href":"https:\/\/www.atta45.se\/e-butik\/wp-json\/wp\/v2\/product_cat?post=60924"},{"taxonomy":"product_tag","embeddable":true,"href":"https:\/\/www.atta45.se\/e-butik\/wp-json\/wp\/v2\/product_tag?post=60924"}],"curies":[{"name":"wp","href":"https:\/\/api.w.org\/{rel}","templated":true}]}}