{"id":60910,"date":"2024-12-26T22:51:07","date_gmt":"2024-12-26T21:51:07","guid":{"rendered":"https:\/\/www.atta45.se\/e-butik\/?post_type=product&#038;p=60910"},"modified":"2025-10-28T00:15:28","modified_gmt":"2025-10-27T23:15:28","slug":"ludospel-av-tra","status":"publish","type":"product","link":"https:\/\/www.atta45.se\/e-butik\/produkt\/ludospel-av-tra\/","title":{"rendered":"Ludospel av tr\u00e4 Yasir"},"content":{"rendered":"<p>Ludospel av tr\u00e4. Tr\u00e4bitar, inklusive t\u00e4rningar, f\u00f6rpackade i bomullsp\u00e5se.<\/p>\n","protected":false},"excerpt":{"rendered":"<p>Ludospel av tr\u00e4. Tr\u00e4bitar, inklusive t\u00e4rningar, f\u00f6rpackade i bomullsp\u00e5se.<\/p>\n","protected":false},"featured_media":60911,"template":"","meta":{"_acf_changed":false,"_seopress_robots_primary_cat":"","_seopress_titles_title":"","_seopress_titles_desc":"","_seopress_robots_index":""},"product_brand":[],"product_cat":[15],"product_tag":[],"class_list":{"0":"post-60910","1":"product","2":"type-product","3":"status-publish","4":"has-post-thumbnail","6":"product_cat-okategoriserad","7":"atta45_taxonomy-tema-inspiration-ogonblick-arsslut-sv","8":"atta45_taxonomy-tema-inspiration-grona-intryck-sv","9":"atta45_taxonomy-nyheter-sv","10":"atta45_taxonomy-tema-inspiration-utvalda-produkter-nyheter-sv","11":"atta45_taxonomy-tema-inspiration-branscher-rekreation-sv","12":"atta45_taxonomy-fritid-spel-leksaker-spel-sv","13":"atta45_taxonomy-fritid-spel-leksaker-sv","14":"atta45_taxonomy-tema-inspiration-sv","15":"atta45_taxonomy-tema-inspiration-branscher-utbildning-sv","17":"first","18":"instock","19":"taxable","20":"shipping-taxable","21":"purchasable","22":"product-type-variable"},"acf":[],"_links":{"self":[{"href":"https:\/\/www.atta45.se\/e-butik\/wp-json\/wp\/v2\/product\/60910","targetHints":{"allow":["GET"]}}],"collection":[{"href":"https:\/\/www.atta45.se\/e-butik\/wp-json\/wp\/v2\/product"}],"about":[{"href":"https:\/\/www.atta45.se\/e-butik\/wp-json\/wp\/v2\/types\/product"}],"wp:featuredmedia":[{"embeddable":true,"href":"https:\/\/www.atta45.se\/e-butik\/wp-json\/wp\/v2\/media\/60911"}],"wp:attachment":[{"href":"https:\/\/www.atta45.se\/e-butik\/wp-json\/wp\/v2\/media?parent=60910"}],"wp:term":[{"taxonomy":"product_brand","embeddable":true,"href":"https:\/\/www.atta45.se\/e-butik\/wp-json\/wp\/v2\/product_brand?post=60910"},{"taxonomy":"product_cat","embeddable":true,"href":"https:\/\/www.atta45.se\/e-butik\/wp-json\/wp\/v2\/product_cat?post=60910"},{"taxonomy":"product_tag","embeddable":true,"href":"https:\/\/www.atta45.se\/e-butik\/wp-json\/wp\/v2\/product_tag?post=60910"}],"curies":[{"name":"wp","href":"https:\/\/api.w.org\/{rel}","templated":true}]}}