{"id":60786,"date":"2024-12-26T22:49:38","date_gmt":"2024-12-26T21:49:38","guid":{"rendered":"https:\/\/www.atta45.se\/e-butik\/?post_type=product&#038;p=60786"},"modified":"2025-10-27T23:19:47","modified_gmt":"2025-10-27T22:19:47","slug":"mjukdjur-lejon","status":"publish","type":"product","link":"https:\/\/www.atta45.se\/e-butik\/produkt\/mjukdjur-lejon\/","title":{"rendered":"Gosedjur, lejon, Frank"},"content":{"rendered":"<p>Litet goselejon i plysch med rondell i \u00f6rat f\u00f6r m\u00e4rkning.<\/p>\n","protected":false},"excerpt":{"rendered":"<p>Litet goselejon i plysch med rondell i \u00f6rat f\u00f6r m\u00e4rkning.<\/p>\n","protected":false},"featured_media":60787,"template":"","meta":{"_acf_changed":false,"_seopress_robots_primary_cat":"","_seopress_titles_title":"","_seopress_titles_desc":"","_seopress_robots_index":""},"product_brand":[],"product_cat":[15],"product_tag":[],"class_list":{"0":"post-60786","1":"product","2":"type-product","3":"status-publish","4":"has-post-thumbnail","6":"product_cat-okategoriserad","7":"atta45_taxonomy-tema-inspiration-branscher-sv","8":"atta45_taxonomy-fritid-spel-leksaker-leksaker-sv","9":"atta45_taxonomy-fritid-spel-leksaker-plysch-sv","10":"atta45_taxonomy-fritid-spel-leksaker-sv","11":"atta45_taxonomy-tema-inspiration-sv","12":"atta45_taxonomy-tema-inspiration-branscher-utbildning-sv","13":"atta45_taxonomy-tema-inspiration-ogonblick-vinterlandskap-sv","15":"first","16":"instock","17":"taxable","18":"shipping-taxable","19":"purchasable","20":"product-type-variable"},"acf":[],"_links":{"self":[{"href":"https:\/\/www.atta45.se\/e-butik\/wp-json\/wp\/v2\/product\/60786","targetHints":{"allow":["GET"]}}],"collection":[{"href":"https:\/\/www.atta45.se\/e-butik\/wp-json\/wp\/v2\/product"}],"about":[{"href":"https:\/\/www.atta45.se\/e-butik\/wp-json\/wp\/v2\/types\/product"}],"wp:featuredmedia":[{"embeddable":true,"href":"https:\/\/www.atta45.se\/e-butik\/wp-json\/wp\/v2\/media\/60787"}],"wp:attachment":[{"href":"https:\/\/www.atta45.se\/e-butik\/wp-json\/wp\/v2\/media?parent=60786"}],"wp:term":[{"taxonomy":"product_brand","embeddable":true,"href":"https:\/\/www.atta45.se\/e-butik\/wp-json\/wp\/v2\/product_brand?post=60786"},{"taxonomy":"product_cat","embeddable":true,"href":"https:\/\/www.atta45.se\/e-butik\/wp-json\/wp\/v2\/product_cat?post=60786"},{"taxonomy":"product_tag","embeddable":true,"href":"https:\/\/www.atta45.se\/e-butik\/wp-json\/wp\/v2\/product_tag?post=60786"}],"curies":[{"name":"wp","href":"https:\/\/api.w.org\/{rel}","templated":true}]}}