{"id":60718,"date":"2024-12-26T22:47:47","date_gmt":"2024-12-26T21:47:47","guid":{"rendered":"https:\/\/www.atta45.se\/e-butik\/?post_type=product&#038;p=60718"},"modified":"2025-10-27T23:06:46","modified_gmt":"2025-10-27T22:06:46","slug":"malarbok-for-barn-a5","status":"publish","type":"product","link":"https:\/\/www.atta45.se\/e-butik\/produkt\/malarbok-for-barn-a5\/","title":{"rendered":"M\u00e5larbok f\u00f6r barn (A5), Constanze"},"content":{"rendered":"<p>M\u00e5larbok f\u00f6r barn, 8 sidor i A5-format, med 16 olika bilder att f\u00e4rgl\u00e4gga.<\/p>\n","protected":false},"excerpt":{"rendered":"<p>M\u00e5larbok f\u00f6r barn, 8 sidor i A5-format, med 16 olika bilder att f\u00e4rgl\u00e4gga.<\/p>\n","protected":false},"featured_media":60719,"template":"","meta":{"_acf_changed":false,"_seopress_robots_primary_cat":"","_seopress_titles_title":"","_seopress_titles_desc":"","_seopress_robots_index":""},"product_brand":[],"product_cat":[15],"product_tag":[],"class_list":{"0":"post-60718","1":"product","2":"type-product","3":"status-publish","4":"has-post-thumbnail","6":"product_cat-okategoriserad","7":"atta45_taxonomy-tema-inspiration-branscher-sv","8":"atta45_taxonomy-tema-inspiration-grona-intryck-sv","9":"atta45_taxonomy-tema-inspiration-grona-intryck-kartong-sv","10":"atta45_taxonomy-fritid-spel-leksaker-malarbok-sv","11":"atta45_taxonomy-tema-inspiration-branscher-rekreation-sv","12":"atta45_taxonomy-fritid-spel-leksaker-rit-farglaggning-sv","13":"atta45_taxonomy-pennor-rit-farglaggning-sv","14":"atta45_taxonomy-tema-inspiration-ogonblick-skoldags-sv","15":"atta45_taxonomy-fritid-spel-leksaker-sv","16":"atta45_taxonomy-tema-inspiration-sv","17":"atta45_taxonomy-tema-inspiration-branscher-utbildning-sv","19":"first","20":"instock","21":"taxable","22":"shipping-taxable","23":"purchasable","24":"product-type-variable"},"acf":[],"_links":{"self":[{"href":"https:\/\/www.atta45.se\/e-butik\/wp-json\/wp\/v2\/product\/60718","targetHints":{"allow":["GET"]}}],"collection":[{"href":"https:\/\/www.atta45.se\/e-butik\/wp-json\/wp\/v2\/product"}],"about":[{"href":"https:\/\/www.atta45.se\/e-butik\/wp-json\/wp\/v2\/types\/product"}],"wp:featuredmedia":[{"embeddable":true,"href":"https:\/\/www.atta45.se\/e-butik\/wp-json\/wp\/v2\/media\/60719"}],"wp:attachment":[{"href":"https:\/\/www.atta45.se\/e-butik\/wp-json\/wp\/v2\/media?parent=60718"}],"wp:term":[{"taxonomy":"product_brand","embeddable":true,"href":"https:\/\/www.atta45.se\/e-butik\/wp-json\/wp\/v2\/product_brand?post=60718"},{"taxonomy":"product_cat","embeddable":true,"href":"https:\/\/www.atta45.se\/e-butik\/wp-json\/wp\/v2\/product_cat?post=60718"},{"taxonomy":"product_tag","embeddable":true,"href":"https:\/\/www.atta45.se\/e-butik\/wp-json\/wp\/v2\/product_tag?post=60718"}],"curies":[{"name":"wp","href":"https:\/\/api.w.org\/{rel}","templated":true}]}}