{"id":60704,"date":"2024-12-26T22:47:37","date_gmt":"2024-12-26T21:47:37","guid":{"rendered":"https:\/\/www.atta45.se\/e-butik\/?post_type=product&#038;p=60704"},"modified":"2025-10-27T22:59:41","modified_gmt":"2025-10-27T21:59:41","slug":"pussel-i-tra-med-nio-bitar","status":"publish","type":"product","link":"https:\/\/www.atta45.se\/e-butik\/produkt\/pussel-i-tra-med-nio-bitar\/","title":{"rendered":"Pussel,i tr\u00e4 med nio bitar, Alvaro"},"content":{"rendered":"<p>Tr\u00e4pussel med nio bitar placerade i en tr\u00e4ram. Motivet kan tryckas p\u00e5 pusselytan.<\/p>\n","protected":false},"excerpt":{"rendered":"<p>Tr\u00e4pussel med nio bitar placerade i en tr\u00e4ram. Motivet kan tryckas p\u00e5 pusselytan.<\/p>\n","protected":false},"featured_media":60705,"template":"","meta":{"_acf_changed":false,"_seopress_robots_primary_cat":"","_seopress_titles_title":"","_seopress_titles_desc":"","_seopress_robots_index":""},"product_brand":[],"product_cat":[15],"product_tag":[],"class_list":{"0":"post-60704","1":"product","2":"type-product","3":"status-publish","4":"has-post-thumbnail","6":"product_cat-okategoriserad","7":"atta45_taxonomy-tema-inspiration-branscher-sv","8":"atta45_taxonomy-tema-inspiration-grona-intryck-sv","9":"atta45_taxonomy-tema-inspiration-speciella-trycktekniker-name-it-sv","10":"atta45_taxonomy-fritid-spel-leksaker-spel-sv","11":"atta45_taxonomy-fritid-spel-leksaker-sv","12":"atta45_taxonomy-tema-inspiration-sv","13":"atta45_taxonomy-tema-inspiration-branscher-utbildning-sv","15":"first","16":"instock","17":"taxable","18":"shipping-taxable","19":"purchasable","20":"product-type-variable"},"acf":[],"_links":{"self":[{"href":"https:\/\/www.atta45.se\/e-butik\/wp-json\/wp\/v2\/product\/60704","targetHints":{"allow":["GET"]}}],"collection":[{"href":"https:\/\/www.atta45.se\/e-butik\/wp-json\/wp\/v2\/product"}],"about":[{"href":"https:\/\/www.atta45.se\/e-butik\/wp-json\/wp\/v2\/types\/product"}],"wp:featuredmedia":[{"embeddable":true,"href":"https:\/\/www.atta45.se\/e-butik\/wp-json\/wp\/v2\/media\/60705"}],"wp:attachment":[{"href":"https:\/\/www.atta45.se\/e-butik\/wp-json\/wp\/v2\/media?parent=60704"}],"wp:term":[{"taxonomy":"product_brand","embeddable":true,"href":"https:\/\/www.atta45.se\/e-butik\/wp-json\/wp\/v2\/product_brand?post=60704"},{"taxonomy":"product_cat","embeddable":true,"href":"https:\/\/www.atta45.se\/e-butik\/wp-json\/wp\/v2\/product_cat?post=60704"},{"taxonomy":"product_tag","embeddable":true,"href":"https:\/\/www.atta45.se\/e-butik\/wp-json\/wp\/v2\/product_tag?post=60704"}],"curies":[{"name":"wp","href":"https:\/\/api.w.org\/{rel}","templated":true}]}}