{"id":60676,"date":"2024-12-26T22:47:17","date_gmt":"2024-12-26T21:47:17","guid":{"rendered":"https:\/\/www.atta45.se\/e-butik\/?post_type=product&#038;p=60676"},"modified":"2025-10-27T22:49:06","modified_gmt":"2025-10-27T21:49:06","slug":"jonglerset-om-3-bollar-amiya","status":"publish","type":"product","link":"https:\/\/www.atta45.se\/e-butik\/produkt\/jonglerset-om-3-bollar-amiya\/","title":{"rendered":"Jongleringsset, Amiya"},"content":{"rendered":"<p>Set om 3 st jonglerbollar fyllda med sm\u00e5 kulor av \u00e5tervunnen plast och f\u00f6rpackade i en vit p\u00e5se med dragsn\u00f6re. Kan \u00e4ven anv\u00e4ndas som antistress bollar. Kan endast tryckas i f\u00e4rgerna svart, vitt, guld eller silver.<\/p>\n","protected":false},"excerpt":{"rendered":"<p>Set om 3 st jonglerbollar fyllda med sm\u00e5 kulor av \u00e5tervunnen plast och f\u00f6rpackade i en vit p\u00e5se med dragsn\u00f6re. Kan \u00e4ven anv\u00e4ndas som antistress bollar. Kan endast tryckas i f\u00e4rgerna svart, vitt, guld eller silver.<\/p>\n","protected":false},"featured_media":60677,"template":"","meta":{"_acf_changed":false,"_seopress_robots_primary_cat":"","_seopress_titles_title":"","_seopress_titles_desc":"","_seopress_robots_index":""},"product_brand":[],"product_cat":[15],"product_tag":[],"class_list":{"0":"post-60676","1":"product","2":"type-product","3":"status-publish","4":"has-post-thumbnail","6":"product_cat-okategoriserad","7":"atta45_taxonomy-fritid-spel-leksaker-leksaker-sv","8":"atta45_taxonomy-tema-inspiration-ogonblick-sommargladje-sv","9":"atta45_taxonomy-fritid-spel-leksaker-sv","10":"atta45_taxonomy-tema-inspiration-sv","11":"atta45_taxonomy-fritid-spel-leksaker-uppblasbart-strandartiklar-sv","13":"first","14":"instock","15":"taxable","16":"shipping-taxable","17":"purchasable","18":"product-type-variable"},"acf":[],"_links":{"self":[{"href":"https:\/\/www.atta45.se\/e-butik\/wp-json\/wp\/v2\/product\/60676","targetHints":{"allow":["GET"]}}],"collection":[{"href":"https:\/\/www.atta45.se\/e-butik\/wp-json\/wp\/v2\/product"}],"about":[{"href":"https:\/\/www.atta45.se\/e-butik\/wp-json\/wp\/v2\/types\/product"}],"wp:featuredmedia":[{"embeddable":true,"href":"https:\/\/www.atta45.se\/e-butik\/wp-json\/wp\/v2\/media\/60677"}],"wp:attachment":[{"href":"https:\/\/www.atta45.se\/e-butik\/wp-json\/wp\/v2\/media?parent=60676"}],"wp:term":[{"taxonomy":"product_brand","embeddable":true,"href":"https:\/\/www.atta45.se\/e-butik\/wp-json\/wp\/v2\/product_brand?post=60676"},{"taxonomy":"product_cat","embeddable":true,"href":"https:\/\/www.atta45.se\/e-butik\/wp-json\/wp\/v2\/product_cat?post=60676"},{"taxonomy":"product_tag","embeddable":true,"href":"https:\/\/www.atta45.se\/e-butik\/wp-json\/wp\/v2\/product_tag?post=60676"}],"curies":[{"name":"wp","href":"https:\/\/api.w.org\/{rel}","templated":true}]}}