{"id":60556,"date":"2024-12-26T22:45:55","date_gmt":"2024-12-26T21:45:55","guid":{"rendered":"https:\/\/www.atta45.se\/e-butik\/?post_type=product&#038;p=60556"},"modified":"2025-10-27T22:42:27","modified_gmt":"2025-10-27T21:42:27","slug":"antistressfigur-tarning","status":"publish","type":"product","link":"https:\/\/www.atta45.se\/e-butik\/produkt\/antistressfigur-tarning\/","title":{"rendered":"Antistressfigur, t\u00e4rning med ord, Nestor"},"content":{"rendered":"<p>Antistressfigur i form av en t\u00e4rning med budskap p\u00e5 alla sidor utom en, som \u00e4r reserverad f\u00f6r tryck.<\/p>\n","protected":false},"excerpt":{"rendered":"<p>Antistressfigur i form av en t\u00e4rning med budskap p\u00e5 alla sidor utom en, som \u00e4r reserverad f\u00f6r tryck.<\/p>\n","protected":false},"featured_media":60557,"template":"","meta":{"_acf_changed":false,"_seopress_robots_primary_cat":"","_seopress_titles_title":"","_seopress_titles_desc":"","_seopress_robots_index":""},"product_brand":[],"product_cat":[15],"product_tag":[],"class_list":{"0":"post-60556","1":"product","2":"type-product","3":"status-publish","4":"has-post-thumbnail","6":"product_cat-okategoriserad","7":"atta45_taxonomy-hem-hushall-sv","8":"atta45_taxonomy-tema-inspiration-ogonblick-kontorsliv-sv","9":"atta45_taxonomy-fritid-spel-leksaker-leksaker-sv","10":"atta45_taxonomy-fritid-spel-leksaker-sv","11":"atta45_taxonomy-tema-inspiration-sv","13":"first","14":"instock","15":"taxable","16":"shipping-taxable","17":"purchasable","18":"product-type-variable"},"acf":[],"_links":{"self":[{"href":"https:\/\/www.atta45.se\/e-butik\/wp-json\/wp\/v2\/product\/60556","targetHints":{"allow":["GET"]}}],"collection":[{"href":"https:\/\/www.atta45.se\/e-butik\/wp-json\/wp\/v2\/product"}],"about":[{"href":"https:\/\/www.atta45.se\/e-butik\/wp-json\/wp\/v2\/types\/product"}],"wp:featuredmedia":[{"embeddable":true,"href":"https:\/\/www.atta45.se\/e-butik\/wp-json\/wp\/v2\/media\/60557"}],"wp:attachment":[{"href":"https:\/\/www.atta45.se\/e-butik\/wp-json\/wp\/v2\/media?parent=60556"}],"wp:term":[{"taxonomy":"product_brand","embeddable":true,"href":"https:\/\/www.atta45.se\/e-butik\/wp-json\/wp\/v2\/product_brand?post=60556"},{"taxonomy":"product_cat","embeddable":true,"href":"https:\/\/www.atta45.se\/e-butik\/wp-json\/wp\/v2\/product_cat?post=60556"},{"taxonomy":"product_tag","embeddable":true,"href":"https:\/\/www.atta45.se\/e-butik\/wp-json\/wp\/v2\/product_tag?post=60556"}],"curies":[{"name":"wp","href":"https:\/\/api.w.org\/{rel}","templated":true}]}}