{"id":60542,"date":"2024-12-26T22:45:45","date_gmt":"2024-12-26T21:45:45","guid":{"rendered":"https:\/\/www.atta45.se\/e-butik\/?post_type=product&#038;p=60542"},"modified":"2025-10-27T22:36:43","modified_gmt":"2025-10-27T21:36:43","slug":"sapbubbelpistol","status":"publish","type":"product","link":"https:\/\/www.atta45.se\/e-butik\/produkt\/sapbubbelpistol\/","title":{"rendered":"S\u00e5pbubbelpistol Hallie"},"content":{"rendered":"<p>S\u00e5pbubbel pistol i plast. Beh\u00e5llare med s\u00e5pvatten medf\u00f6ljer. Extra refill finns med art. 4759.<\/p>\n","protected":false},"excerpt":{"rendered":"<p>S\u00e5pbubbel pistol i plast. Beh\u00e5llare med s\u00e5pvatten medf\u00f6ljer. Extra refill finns med art. 4759.<\/p>\n","protected":false},"featured_media":60543,"template":"","meta":{"_acf_changed":false,"_seopress_robots_primary_cat":"","_seopress_titles_title":"","_seopress_titles_desc":"","_seopress_robots_index":""},"product_brand":[],"product_cat":[15],"product_tag":[],"class_list":{"0":"post-60542","1":"product","2":"type-product","3":"status-publish","4":"has-post-thumbnail","6":"product_cat-okategoriserad","7":"atta45_taxonomy-tema-inspiration-branscher-sv","8":"atta45_taxonomy-fritid-spel-leksaker-leksaker-sv","9":"atta45_taxonomy-fritid-spel-leksaker-party-produkter-sv","10":"atta45_taxonomy-tema-inspiration-branscher-rekreation-sv","11":"atta45_taxonomy-tema-inspiration-sasong-sv","12":"atta45_taxonomy-tema-inspiration-sasong-sommar-sv","13":"atta45_taxonomy-tema-inspiration-ogonblick-sommargladje-sv","14":"atta45_taxonomy-fritid-spel-leksaker-spel-sv","15":"atta45_taxonomy-fritid-spel-leksaker-sv","16":"atta45_taxonomy-tema-inspiration-sv","17":"atta45_taxonomy-fritid-spel-leksaker-uppblasbart-strandartiklar-sv","18":"atta45_taxonomy-tema-inspiration-branscher-utbildning-sv","20":"first","21":"instock","22":"taxable","23":"shipping-taxable","24":"purchasable","25":"product-type-variable"},"acf":[],"_links":{"self":[{"href":"https:\/\/www.atta45.se\/e-butik\/wp-json\/wp\/v2\/product\/60542","targetHints":{"allow":["GET"]}}],"collection":[{"href":"https:\/\/www.atta45.se\/e-butik\/wp-json\/wp\/v2\/product"}],"about":[{"href":"https:\/\/www.atta45.se\/e-butik\/wp-json\/wp\/v2\/types\/product"}],"wp:featuredmedia":[{"embeddable":true,"href":"https:\/\/www.atta45.se\/e-butik\/wp-json\/wp\/v2\/media\/60543"}],"wp:attachment":[{"href":"https:\/\/www.atta45.se\/e-butik\/wp-json\/wp\/v2\/media?parent=60542"}],"wp:term":[{"taxonomy":"product_brand","embeddable":true,"href":"https:\/\/www.atta45.se\/e-butik\/wp-json\/wp\/v2\/product_brand?post=60542"},{"taxonomy":"product_cat","embeddable":true,"href":"https:\/\/www.atta45.se\/e-butik\/wp-json\/wp\/v2\/product_cat?post=60542"},{"taxonomy":"product_tag","embeddable":true,"href":"https:\/\/www.atta45.se\/e-butik\/wp-json\/wp\/v2\/product_tag?post=60542"}],"curies":[{"name":"wp","href":"https:\/\/api.w.org\/{rel}","templated":true}]}}