{"id":60520,"date":"2024-12-26T22:45:27","date_gmt":"2024-12-26T21:45:27","guid":{"rendered":"https:\/\/www.atta45.se\/e-butik\/?post_type=product&#038;p=60520"},"modified":"2025-10-27T22:23:25","modified_gmt":"2025-10-27T21:23:25","slug":"fargkritor-i-set-30-st","status":"publish","type":"product","link":"https:\/\/www.atta45.se\/e-butik\/produkt\/fargkritor-i-set-30-st\/","title":{"rendered":"F\u00e4rgkritor i rund ask, 30 st, Gabrielle"},"content":{"rendered":"<p>Stort set om 30 st f\u00e4rgkritor f\u00f6rpackade i en rund pappcylinder. Praktiskt set som g\u00f6r det enkelt att anv\u00e4nda och plocka ihop.<\/p>\n","protected":false},"excerpt":{"rendered":"<p>Stort set om 30 st f\u00e4rgkritor f\u00f6rpackade i en rund pappcylinder. Praktiskt set som g\u00f6r det enkelt att anv\u00e4nda och plocka ihop.<\/p>\n","protected":false},"featured_media":60521,"template":"","meta":{"_acf_changed":false,"_seopress_robots_primary_cat":"","_seopress_titles_title":"","_seopress_titles_desc":"","_seopress_robots_index":""},"product_brand":[],"product_cat":[15],"product_tag":[],"class_list":{"0":"post-60520","1":"product","2":"type-product","3":"status-publish","4":"has-post-thumbnail","6":"product_cat-okategoriserad","7":"atta45_taxonomy-tema-inspiration-branscher-sv","8":"atta45_taxonomy-tema-inspiration-grona-intryck-eco-basic-sv","9":"atta45_taxonomy-tema-inspiration-ogonblick-fargglad-lycka-sv","10":"atta45_taxonomy-tema-inspiration-grona-intryck-sv","11":"atta45_taxonomy-tema-inspiration-grona-intryck-kartong-sv","12":"atta45_taxonomy-tema-inspiration-branscher-rekreation-sv","13":"atta45_taxonomy-pennor-rit-farglaggning-sv","14":"atta45_taxonomy-fritid-spel-leksaker-rit-farglaggning-sv","15":"atta45_taxonomy-fritid-spel-leksaker-sv","16":"atta45_taxonomy-tema-inspiration-sv","17":"atta45_taxonomy-tema-inspiration-branscher-utbildning-sv","19":"first","20":"instock","21":"taxable","22":"shipping-taxable","23":"purchasable","24":"product-type-variable"},"acf":[],"_links":{"self":[{"href":"https:\/\/www.atta45.se\/e-butik\/wp-json\/wp\/v2\/product\/60520","targetHints":{"allow":["GET"]}}],"collection":[{"href":"https:\/\/www.atta45.se\/e-butik\/wp-json\/wp\/v2\/product"}],"about":[{"href":"https:\/\/www.atta45.se\/e-butik\/wp-json\/wp\/v2\/types\/product"}],"wp:featuredmedia":[{"embeddable":true,"href":"https:\/\/www.atta45.se\/e-butik\/wp-json\/wp\/v2\/media\/60521"}],"wp:attachment":[{"href":"https:\/\/www.atta45.se\/e-butik\/wp-json\/wp\/v2\/media?parent=60520"}],"wp:term":[{"taxonomy":"product_brand","embeddable":true,"href":"https:\/\/www.atta45.se\/e-butik\/wp-json\/wp\/v2\/product_brand?post=60520"},{"taxonomy":"product_cat","embeddable":true,"href":"https:\/\/www.atta45.se\/e-butik\/wp-json\/wp\/v2\/product_cat?post=60520"},{"taxonomy":"product_tag","embeddable":true,"href":"https:\/\/www.atta45.se\/e-butik\/wp-json\/wp\/v2\/product_tag?post=60520"}],"curies":[{"name":"wp","href":"https:\/\/api.w.org\/{rel}","templated":true}]}}