{"id":60510,"date":"2024-12-26T22:45:18","date_gmt":"2024-12-26T21:45:18","guid":{"rendered":"https:\/\/www.atta45.se\/e-butik\/?post_type=product&#038;p=60510"},"modified":"2025-10-27T22:23:13","modified_gmt":"2025-10-27T21:23:13","slug":"fargkritor-i-set-12-st","status":"publish","type":"product","link":"https:\/\/www.atta45.se\/e-butik\/produkt\/fargkritor-i-set-12-st\/","title":{"rendered":"F\u00e4rgkritor 12 st i ask, Paulina"},"content":{"rendered":"<p>12 f\u00e4rgkritor i pappask. St\u00f6rre set med mer f\u00e4rger och m\u00f6jlighet till fler variationer. Pappasken kan \u00e5tervinnas.<\/p>\n","protected":false},"excerpt":{"rendered":"<p>12 f\u00e4rgkritor i pappask. St\u00f6rre set med mer f\u00e4rger och m\u00f6jlighet till fler variationer. Pappasken kan \u00e5tervinnas.<\/p>\n","protected":false},"featured_media":60511,"template":"","meta":{"_acf_changed":false,"_seopress_robots_primary_cat":"","_seopress_titles_title":"","_seopress_titles_desc":"","_seopress_robots_index":""},"product_brand":[],"product_cat":[15],"product_tag":[],"class_list":{"0":"post-60510","1":"product","2":"type-product","3":"status-publish","4":"has-post-thumbnail","6":"product_cat-okategoriserad","7":"atta45_taxonomy-tema-inspiration-branscher-sv","8":"atta45_taxonomy-tema-inspiration-grona-intryck-eco-basic-sv","9":"atta45_taxonomy-tema-inspiration-grona-intryck-sv","10":"atta45_taxonomy-tema-inspiration-grona-intryck-kartong-sv","11":"atta45_taxonomy-fritid-spel-leksaker-rit-farglaggning-sv","12":"atta45_taxonomy-pennor-rit-farglaggning-sv","13":"atta45_taxonomy-tema-inspiration-ogonblick-skoldags-sv","14":"atta45_taxonomy-fritid-spel-leksaker-sv","15":"atta45_taxonomy-tema-inspiration-sv","16":"atta45_taxonomy-tema-inspiration-branscher-utbildning-sv","18":"first","19":"instock","20":"taxable","21":"shipping-taxable","22":"purchasable","23":"product-type-variable"},"acf":[],"_links":{"self":[{"href":"https:\/\/www.atta45.se\/e-butik\/wp-json\/wp\/v2\/product\/60510","targetHints":{"allow":["GET"]}}],"collection":[{"href":"https:\/\/www.atta45.se\/e-butik\/wp-json\/wp\/v2\/product"}],"about":[{"href":"https:\/\/www.atta45.se\/e-butik\/wp-json\/wp\/v2\/types\/product"}],"wp:featuredmedia":[{"embeddable":true,"href":"https:\/\/www.atta45.se\/e-butik\/wp-json\/wp\/v2\/media\/60511"}],"wp:attachment":[{"href":"https:\/\/www.atta45.se\/e-butik\/wp-json\/wp\/v2\/media?parent=60510"}],"wp:term":[{"taxonomy":"product_brand","embeddable":true,"href":"https:\/\/www.atta45.se\/e-butik\/wp-json\/wp\/v2\/product_brand?post=60510"},{"taxonomy":"product_cat","embeddable":true,"href":"https:\/\/www.atta45.se\/e-butik\/wp-json\/wp\/v2\/product_cat?post=60510"},{"taxonomy":"product_tag","embeddable":true,"href":"https:\/\/www.atta45.se\/e-butik\/wp-json\/wp\/v2\/product_tag?post=60510"}],"curies":[{"name":"wp","href":"https:\/\/api.w.org\/{rel}","templated":true}]}}