{"id":60494,"date":"2024-12-26T22:45:08","date_gmt":"2024-12-26T21:45:08","guid":{"rendered":"https:\/\/www.atta45.se\/e-butik\/?post_type=product&#038;p=60494"},"modified":"2025-10-27T22:22:27","modified_gmt":"2025-10-27T21:22:27","slug":"fargkritor-i-set-6-st","status":"publish","type":"product","link":"https:\/\/www.atta45.se\/e-butik\/produkt\/fargkritor-i-set-6-st\/","title":{"rendered":"F\u00e4rgkritor 6 st i ask, Selena"},"content":{"rendered":"<p>6 st f\u00e4rgkritor i pappask. Ett mindre set som g\u00f6r det roligt att f\u00e4rgl\u00e4gga m\u00e5larb\u00f6cker. L\u00e4tt att ta med. Pappasken kan \u00e5tervinnas.<\/p>\n","protected":false},"excerpt":{"rendered":"<p>6 st f\u00e4rgkritor i pappask. Ett mindre set som g\u00f6r det roligt att f\u00e4rgl\u00e4gga m\u00e5larb\u00f6cker. L\u00e4tt att ta med. Pappasken kan \u00e5tervinnas.<\/p>\n","protected":false},"featured_media":60495,"template":"","meta":{"_acf_changed":false,"_seopress_robots_primary_cat":"","_seopress_titles_title":"","_seopress_titles_desc":"","_seopress_robots_index":""},"product_brand":[],"product_cat":[15],"product_tag":[],"class_list":{"0":"post-60494","1":"product","2":"type-product","3":"status-publish","4":"has-post-thumbnail","6":"product_cat-okategoriserad","7":"atta45_taxonomy-tema-inspiration-branscher-sv","8":"atta45_taxonomy-tema-inspiration-grona-intryck-eco-basic-sv","9":"atta45_taxonomy-tema-inspiration-grona-intryck-sv","10":"atta45_taxonomy-tema-inspiration-grona-intryck-kartong-sv","11":"atta45_taxonomy-pennor-rit-farglaggning-sv","12":"atta45_taxonomy-fritid-spel-leksaker-rit-farglaggning-sv","13":"atta45_taxonomy-tema-inspiration-ogonblick-skoldags-sv","14":"atta45_taxonomy-fritid-spel-leksaker-sv","15":"atta45_taxonomy-tema-inspiration-sv","16":"atta45_taxonomy-tema-inspiration-branscher-utbildning-sv","18":"first","19":"instock","20":"taxable","21":"shipping-taxable","22":"purchasable","23":"product-type-variable"},"acf":[],"_links":{"self":[{"href":"https:\/\/www.atta45.se\/e-butik\/wp-json\/wp\/v2\/product\/60494","targetHints":{"allow":["GET"]}}],"collection":[{"href":"https:\/\/www.atta45.se\/e-butik\/wp-json\/wp\/v2\/product"}],"about":[{"href":"https:\/\/www.atta45.se\/e-butik\/wp-json\/wp\/v2\/types\/product"}],"wp:featuredmedia":[{"embeddable":true,"href":"https:\/\/www.atta45.se\/e-butik\/wp-json\/wp\/v2\/media\/60495"}],"wp:attachment":[{"href":"https:\/\/www.atta45.se\/e-butik\/wp-json\/wp\/v2\/media?parent=60494"}],"wp:term":[{"taxonomy":"product_brand","embeddable":true,"href":"https:\/\/www.atta45.se\/e-butik\/wp-json\/wp\/v2\/product_brand?post=60494"},{"taxonomy":"product_cat","embeddable":true,"href":"https:\/\/www.atta45.se\/e-butik\/wp-json\/wp\/v2\/product_cat?post=60494"},{"taxonomy":"product_tag","embeddable":true,"href":"https:\/\/www.atta45.se\/e-butik\/wp-json\/wp\/v2\/product_tag?post=60494"}],"curies":[{"name":"wp","href":"https:\/\/api.w.org\/{rel}","templated":true}]}}