{"id":60484,"date":"2024-12-26T22:44:52","date_gmt":"2024-12-26T21:44:52","guid":{"rendered":"https:\/\/www.atta45.se\/e-butik\/?post_type=product&#038;p=60484"},"modified":"2025-10-27T22:18:35","modified_gmt":"2025-10-27T21:18:35","slug":"jo-jo-i-tra","status":"publish","type":"product","link":"https:\/\/www.atta45.se\/e-butik\/produkt\/jo-jo-i-tra\/","title":{"rendered":"Jo-Jo i tr\u00e4, Ben"},"content":{"rendered":"<p>Stabil Jo-Jo av tr\u00e4. En billig och rolig sak f\u00f6r de flesta &#8217;barn&#8217;. Perfekt att m\u00e4rka p\u00e5.<\/p>\n","protected":false},"excerpt":{"rendered":"<p>Stabil Jo-Jo av tr\u00e4. En billig och rolig sak f\u00f6r de flesta &#8217;barn&#8217;. Perfekt att m\u00e4rka p\u00e5.<\/p>\n","protected":false},"featured_media":60485,"template":"","meta":{"_acf_changed":false,"_seopress_robots_primary_cat":"","_seopress_titles_title":"","_seopress_titles_desc":"","_seopress_robots_index":""},"product_brand":[],"product_cat":[15],"product_tag":[],"class_list":{"0":"post-60484","1":"product","2":"type-product","3":"status-publish","4":"has-post-thumbnail","6":"product_cat-okategoriserad","7":"atta45_taxonomy-tema-inspiration-branscher-sv","8":"atta45_taxonomy-tema-inspiration-ogonblick-en-gron-planet-sv","9":"atta45_taxonomy-tema-inspiration-grona-intryck-sv","10":"atta45_taxonomy-tema-inspiration-branscher-rekreation-sv","11":"atta45_taxonomy-fritid-spel-leksaker-spel-sv","12":"atta45_taxonomy-fritid-spel-leksaker-sv","13":"atta45_taxonomy-tema-inspiration-sv","14":"atta45_taxonomy-tema-inspiration-branscher-utbildning-sv","16":"first","17":"instock","18":"taxable","19":"shipping-taxable","20":"purchasable","21":"product-type-variable"},"acf":[],"_links":{"self":[{"href":"https:\/\/www.atta45.se\/e-butik\/wp-json\/wp\/v2\/product\/60484","targetHints":{"allow":["GET"]}}],"collection":[{"href":"https:\/\/www.atta45.se\/e-butik\/wp-json\/wp\/v2\/product"}],"about":[{"href":"https:\/\/www.atta45.se\/e-butik\/wp-json\/wp\/v2\/types\/product"}],"wp:featuredmedia":[{"embeddable":true,"href":"https:\/\/www.atta45.se\/e-butik\/wp-json\/wp\/v2\/media\/60485"}],"wp:attachment":[{"href":"https:\/\/www.atta45.se\/e-butik\/wp-json\/wp\/v2\/media?parent=60484"}],"wp:term":[{"taxonomy":"product_brand","embeddable":true,"href":"https:\/\/www.atta45.se\/e-butik\/wp-json\/wp\/v2\/product_brand?post=60484"},{"taxonomy":"product_cat","embeddable":true,"href":"https:\/\/www.atta45.se\/e-butik\/wp-json\/wp\/v2\/product_cat?post=60484"},{"taxonomy":"product_tag","embeddable":true,"href":"https:\/\/www.atta45.se\/e-butik\/wp-json\/wp\/v2\/product_tag?post=60484"}],"curies":[{"name":"wp","href":"https:\/\/api.w.org\/{rel}","templated":true}]}}