{"id":60432,"date":"2024-12-26T22:44:14","date_gmt":"2024-12-26T21:44:14","guid":{"rendered":"https:\/\/www.atta45.se\/e-butik\/?post_type=product&#038;p=60432"},"modified":"2025-10-27T22:12:15","modified_gmt":"2025-10-27T21:12:15","slug":"fotbollsspel-for-bordet","status":"publish","type":"product","link":"https:\/\/www.atta45.se\/e-butik\/produkt\/fotbollsspel-for-bordet\/","title":{"rendered":"Fotbollsspel f\u00f6r bordet"},"content":{"rendered":"<p>Fotbollsspel att st\u00e4lla p\u00e5 bordet. Tillverkat av tr\u00e4, metall och plast. 2 bollar medf\u00f6ljer. Levereras i en f\u00e4rgglad f\u00f6rpackning. (Viss montering kr\u00e4vs).<\/p>\n","protected":false},"excerpt":{"rendered":"<p>Fotbollsspel att st\u00e4lla p\u00e5 bordet. Tillverkat av tr\u00e4, metall och plast. 2 bollar medf\u00f6ljer. Levereras i en f\u00e4rgglad f\u00f6rpackning. (Viss montering kr\u00e4vs).<\/p>\n","protected":false},"featured_media":60433,"template":"","meta":{"_acf_changed":false,"_seopress_robots_primary_cat":"","_seopress_titles_title":"","_seopress_titles_desc":"","_seopress_robots_index":""},"product_brand":[],"product_cat":[15],"product_tag":[],"class_list":{"0":"post-60432","1":"product","2":"type-product","3":"status-publish","4":"has-post-thumbnail","6":"product_cat-okategoriserad","7":"atta45_taxonomy-tema-inspiration-ogonblick-arsslut-sv","8":"atta45_taxonomy-tema-inspiration-ogonblick-sommargladje-sv","9":"atta45_taxonomy-fritid-spel-leksaker-spel-sv","10":"atta45_taxonomy-fritid-spel-leksaker-sv","11":"atta45_taxonomy-tema-inspiration-sv","13":"first","14":"instock","15":"taxable","16":"shipping-taxable","17":"purchasable","18":"product-type-variable"},"acf":[],"_links":{"self":[{"href":"https:\/\/www.atta45.se\/e-butik\/wp-json\/wp\/v2\/product\/60432","targetHints":{"allow":["GET"]}}],"collection":[{"href":"https:\/\/www.atta45.se\/e-butik\/wp-json\/wp\/v2\/product"}],"about":[{"href":"https:\/\/www.atta45.se\/e-butik\/wp-json\/wp\/v2\/types\/product"}],"wp:featuredmedia":[{"embeddable":true,"href":"https:\/\/www.atta45.se\/e-butik\/wp-json\/wp\/v2\/media\/60433"}],"wp:attachment":[{"href":"https:\/\/www.atta45.se\/e-butik\/wp-json\/wp\/v2\/media?parent=60432"}],"wp:term":[{"taxonomy":"product_brand","embeddable":true,"href":"https:\/\/www.atta45.se\/e-butik\/wp-json\/wp\/v2\/product_brand?post=60432"},{"taxonomy":"product_cat","embeddable":true,"href":"https:\/\/www.atta45.se\/e-butik\/wp-json\/wp\/v2\/product_cat?post=60432"},{"taxonomy":"product_tag","embeddable":true,"href":"https:\/\/www.atta45.se\/e-butik\/wp-json\/wp\/v2\/product_tag?post=60432"}],"curies":[{"name":"wp","href":"https:\/\/api.w.org\/{rel}","templated":true}]}}