{"id":60348,"date":"2024-12-26T22:43:06","date_gmt":"2024-12-26T21:43:06","guid":{"rendered":"https:\/\/www.atta45.se\/e-butik\/?post_type=product&#038;p=60348"},"modified":"2025-10-27T20:26:25","modified_gmt":"2025-10-27T19:26:25","slug":"tangram-pussel-av-tra-ulrike","status":"publish","type":"product","link":"https:\/\/www.atta45.se\/e-butik\/produkt\/tangram-pussel-av-tra-ulrike\/","title":{"rendered":"Tangram pussel av tr\u00e4 Ulrike"},"content":{"rendered":"<p>Tangrampussel i tr\u00e4. F\u00f6rpackad i en bomullsp\u00e5se med dragsko.<\/p>\n","protected":false},"excerpt":{"rendered":"<p>Tangrampussel i tr\u00e4. F\u00f6rpackad i en bomullsp\u00e5se med dragsko.<\/p>\n","protected":false},"featured_media":60349,"template":"","meta":{"_acf_changed":false,"_seopress_robots_primary_cat":"","_seopress_titles_title":"","_seopress_titles_desc":"","_seopress_robots_index":""},"product_brand":[],"product_cat":[15],"product_tag":[],"class_list":{"0":"post-60348","1":"product","2":"type-product","3":"status-publish","4":"has-post-thumbnail","6":"product_cat-okategoriserad","7":"atta45_taxonomy-tema-inspiration-grona-intryck-sv","8":"atta45_taxonomy-tema-inspiration-grona-intryck-kork-sv","9":"atta45_taxonomy-nyheter-sv","10":"atta45_taxonomy-tema-inspiration-utvalda-produkter-nyheter-sv","11":"atta45_taxonomy-fritid-spel-leksaker-spel-sv","12":"atta45_taxonomy-fritid-spel-leksaker-sv","14":"first","15":"instock","16":"taxable","17":"shipping-taxable","18":"purchasable","19":"product-type-variable"},"acf":[],"_links":{"self":[{"href":"https:\/\/www.atta45.se\/e-butik\/wp-json\/wp\/v2\/product\/60348","targetHints":{"allow":["GET"]}}],"collection":[{"href":"https:\/\/www.atta45.se\/e-butik\/wp-json\/wp\/v2\/product"}],"about":[{"href":"https:\/\/www.atta45.se\/e-butik\/wp-json\/wp\/v2\/types\/product"}],"wp:featuredmedia":[{"embeddable":true,"href":"https:\/\/www.atta45.se\/e-butik\/wp-json\/wp\/v2\/media\/60349"}],"wp:attachment":[{"href":"https:\/\/www.atta45.se\/e-butik\/wp-json\/wp\/v2\/media?parent=60348"}],"wp:term":[{"taxonomy":"product_brand","embeddable":true,"href":"https:\/\/www.atta45.se\/e-butik\/wp-json\/wp\/v2\/product_brand?post=60348"},{"taxonomy":"product_cat","embeddable":true,"href":"https:\/\/www.atta45.se\/e-butik\/wp-json\/wp\/v2\/product_cat?post=60348"},{"taxonomy":"product_tag","embeddable":true,"href":"https:\/\/www.atta45.se\/e-butik\/wp-json\/wp\/v2\/product_tag?post=60348"}],"curies":[{"name":"wp","href":"https:\/\/api.w.org\/{rel}","templated":true}]}}