{"id":60336,"date":"2024-12-26T22:42:17","date_gmt":"2024-12-26T21:42:17","guid":{"rendered":"https:\/\/www.atta45.se\/e-butik\/?post_type=product&#038;p=60336"},"modified":"2025-10-27T20:21:14","modified_gmt":"2025-10-27T19:21:14","slug":"fargpennor-i-ror-av-atervunnen-kartong-beate","status":"publish","type":"product","link":"https:\/\/www.atta45.se\/e-butik\/produkt\/fargpennor-i-ror-av-atervunnen-kartong-beate\/","title":{"rendered":"F\u00e4rgpennor i r\u00f6r av \u00e5tervunnen kartong Beate"},"content":{"rendered":"<p>7 st f\u00e4rgpennor i r\u00f6r av \u00e5tervunnen kartong och ABS-r\u00f6r och en v\u00e4ssare integrerad i locket.<\/p>\n","protected":false},"excerpt":{"rendered":"<p>7 st f\u00e4rgpennor i r\u00f6r av \u00e5tervunnen kartong och ABS-r\u00f6r och en v\u00e4ssare integrerad i locket.<\/p>\n","protected":false},"featured_media":60337,"template":"","meta":{"_acf_changed":false,"_seopress_robots_primary_cat":"","_seopress_titles_title":"","_seopress_titles_desc":"","_seopress_robots_index":""},"product_brand":[],"product_cat":[15],"product_tag":[],"class_list":{"0":"post-60336","1":"product","2":"type-product","3":"status-publish","4":"has-post-thumbnail","6":"product_cat-okategoriserad","7":"atta45_taxonomy-tema-inspiration-grona-intryck-sv","8":"atta45_taxonomy-tema-inspiration-grona-intryck-kartong-sv","9":"atta45_taxonomy-fritid-spel-leksaker-leksaker-sv","10":"atta45_taxonomy-nyheter-sv","11":"atta45_taxonomy-tema-inspiration-utvalda-produkter-nyheter-sv","12":"atta45_taxonomy-pennor-sv","13":"atta45_taxonomy-pennor-rit-farglaggning-sv","14":"atta45_taxonomy-fritid-spel-leksaker-rit-farglaggning-sv","15":"atta45_taxonomy-tema-inspiration-ogonblick-skoldags-sv","16":"atta45_taxonomy-fritid-spel-leksaker-sv","17":"atta45_taxonomy-tema-inspiration-sv","18":"atta45_taxonomy-tema-inspiration-branscher-utbildning-sv","20":"first","21":"instock","22":"taxable","23":"shipping-taxable","24":"purchasable","25":"product-type-variable"},"acf":[],"_links":{"self":[{"href":"https:\/\/www.atta45.se\/e-butik\/wp-json\/wp\/v2\/product\/60336","targetHints":{"allow":["GET"]}}],"collection":[{"href":"https:\/\/www.atta45.se\/e-butik\/wp-json\/wp\/v2\/product"}],"about":[{"href":"https:\/\/www.atta45.se\/e-butik\/wp-json\/wp\/v2\/types\/product"}],"wp:featuredmedia":[{"embeddable":true,"href":"https:\/\/www.atta45.se\/e-butik\/wp-json\/wp\/v2\/media\/60337"}],"wp:attachment":[{"href":"https:\/\/www.atta45.se\/e-butik\/wp-json\/wp\/v2\/media?parent=60336"}],"wp:term":[{"taxonomy":"product_brand","embeddable":true,"href":"https:\/\/www.atta45.se\/e-butik\/wp-json\/wp\/v2\/product_brand?post=60336"},{"taxonomy":"product_cat","embeddable":true,"href":"https:\/\/www.atta45.se\/e-butik\/wp-json\/wp\/v2\/product_cat?post=60336"},{"taxonomy":"product_tag","embeddable":true,"href":"https:\/\/www.atta45.se\/e-butik\/wp-json\/wp\/v2\/product_tag?post=60336"}],"curies":[{"name":"wp","href":"https:\/\/api.w.org\/{rel}","templated":true}]}}