{"id":60320,"date":"2024-12-26T22:42:07","date_gmt":"2024-12-26T21:42:07","guid":{"rendered":"https:\/\/www.atta45.se\/e-butik\/?post_type=product&#038;p=60320"},"modified":"2025-10-27T20:20:24","modified_gmt":"2025-10-27T19:20:24","slug":"fargpennor-holger","status":"publish","type":"product","link":"https:\/\/www.atta45.se\/e-butik\/produkt\/fargpennor-holger\/","title":{"rendered":"F\u00e4rgpennor Holger"},"content":{"rendered":"<p>F\u00e4rgpennor, set om 6 st, i en \u00e5tervunnen svart kartong.<\/p>\n","protected":false},"excerpt":{"rendered":"<p>F\u00e4rgpennor, set om 6 st, i en \u00e5tervunnen svart kartong.<\/p>\n","protected":false},"featured_media":60321,"template":"","meta":{"_acf_changed":false,"_seopress_robots_primary_cat":"","_seopress_titles_title":"","_seopress_titles_desc":"","_seopress_robots_index":""},"product_brand":[],"product_cat":[15],"product_tag":[],"class_list":{"0":"post-60320","1":"product","2":"type-product","3":"status-publish","4":"has-post-thumbnail","6":"product_cat-okategoriserad","7":"atta45_taxonomy-tema-inspiration-grona-intryck-sv","8":"atta45_taxonomy-tema-inspiration-grona-intryck-kartong-sv","9":"atta45_taxonomy-nyheter-sv","10":"atta45_taxonomy-tema-inspiration-utvalda-produkter-nyheter-sv","11":"atta45_taxonomy-pennor-sv","12":"atta45_taxonomy-pennor-rit-farglaggning-sv","13":"atta45_taxonomy-fritid-spel-leksaker-rit-farglaggning-sv","14":"atta45_taxonomy-tema-inspiration-ogonblick-skoldags-sv","15":"atta45_taxonomy-fritid-spel-leksaker-sv","16":"atta45_taxonomy-tema-inspiration-sv","17":"atta45_taxonomy-tema-inspiration-branscher-utbildning-sv","19":"first","20":"instock","21":"taxable","22":"shipping-taxable","23":"purchasable","24":"product-type-variable"},"acf":[],"_links":{"self":[{"href":"https:\/\/www.atta45.se\/e-butik\/wp-json\/wp\/v2\/product\/60320","targetHints":{"allow":["GET"]}}],"collection":[{"href":"https:\/\/www.atta45.se\/e-butik\/wp-json\/wp\/v2\/product"}],"about":[{"href":"https:\/\/www.atta45.se\/e-butik\/wp-json\/wp\/v2\/types\/product"}],"wp:featuredmedia":[{"embeddable":true,"href":"https:\/\/www.atta45.se\/e-butik\/wp-json\/wp\/v2\/media\/60321"}],"wp:attachment":[{"href":"https:\/\/www.atta45.se\/e-butik\/wp-json\/wp\/v2\/media?parent=60320"}],"wp:term":[{"taxonomy":"product_brand","embeddable":true,"href":"https:\/\/www.atta45.se\/e-butik\/wp-json\/wp\/v2\/product_brand?post=60320"},{"taxonomy":"product_cat","embeddable":true,"href":"https:\/\/www.atta45.se\/e-butik\/wp-json\/wp\/v2\/product_cat?post=60320"},{"taxonomy":"product_tag","embeddable":true,"href":"https:\/\/www.atta45.se\/e-butik\/wp-json\/wp\/v2\/product_tag?post=60320"}],"curies":[{"name":"wp","href":"https:\/\/api.w.org\/{rel}","templated":true}]}}