{"id":60228,"date":"2024-12-26T22:40:47","date_gmt":"2024-12-26T21:40:47","guid":{"rendered":"https:\/\/www.atta45.se\/e-butik\/?post_type=product&#038;p=60228"},"modified":"2025-10-27T19:37:49","modified_gmt":"2025-10-27T18:37:49","slug":"plyschleksak-hund-liza","status":"publish","type":"product","link":"https:\/\/www.atta45.se\/e-butik\/produkt\/plyschleksak-hund-liza\/","title":{"rendered":"Plyschleksak hund Liza"},"content":{"rendered":"<p>Plyschleksak i form av en hund. Broderade \u00f6gon. Inkluderar en tag f\u00f6r tryck\u00e4ndam\u00e5l.<\/p>\n","protected":false},"excerpt":{"rendered":"<p>Plyschleksak i form av en hund. Broderade \u00f6gon. Inkluderar en tag f\u00f6r tryck\u00e4ndam\u00e5l.<\/p>\n","protected":false},"featured_media":60229,"template":"","meta":{"_acf_changed":false,"_seopress_robots_primary_cat":"","_seopress_titles_title":"","_seopress_titles_desc":"","_seopress_robots_index":""},"product_brand":[],"product_cat":[15],"product_tag":[],"class_list":{"0":"post-60228","1":"product","2":"type-product","3":"status-publish","4":"has-post-thumbnail","6":"product_cat-okategoriserad","7":"atta45_taxonomy-tema-inspiration-utvalda-produkter-nyheter-sv","8":"atta45_taxonomy-nyheter-sv","9":"atta45_taxonomy-fritid-spel-leksaker-plysch-sv","10":"atta45_taxonomy-fritid-spel-leksaker-sv","12":"first","13":"instock","14":"taxable","15":"shipping-taxable","16":"purchasable","17":"product-type-variable"},"acf":[],"_links":{"self":[{"href":"https:\/\/www.atta45.se\/e-butik\/wp-json\/wp\/v2\/product\/60228","targetHints":{"allow":["GET"]}}],"collection":[{"href":"https:\/\/www.atta45.se\/e-butik\/wp-json\/wp\/v2\/product"}],"about":[{"href":"https:\/\/www.atta45.se\/e-butik\/wp-json\/wp\/v2\/types\/product"}],"wp:featuredmedia":[{"embeddable":true,"href":"https:\/\/www.atta45.se\/e-butik\/wp-json\/wp\/v2\/media\/60229"}],"wp:attachment":[{"href":"https:\/\/www.atta45.se\/e-butik\/wp-json\/wp\/v2\/media?parent=60228"}],"wp:term":[{"taxonomy":"product_brand","embeddable":true,"href":"https:\/\/www.atta45.se\/e-butik\/wp-json\/wp\/v2\/product_brand?post=60228"},{"taxonomy":"product_cat","embeddable":true,"href":"https:\/\/www.atta45.se\/e-butik\/wp-json\/wp\/v2\/product_cat?post=60228"},{"taxonomy":"product_tag","embeddable":true,"href":"https:\/\/www.atta45.se\/e-butik\/wp-json\/wp\/v2\/product_tag?post=60228"}],"curies":[{"name":"wp","href":"https:\/\/api.w.org\/{rel}","templated":true}]}}