{"id":60208,"date":"2024-12-26T22:40:28","date_gmt":"2024-12-26T21:40:28","guid":{"rendered":"https:\/\/www.atta45.se\/e-butik\/?post_type=product&#038;p=60208"},"modified":"2025-10-27T19:36:37","modified_gmt":"2025-10-27T18:36:37","slug":"plyschleksak-ren-everly","status":"publish","type":"product","link":"https:\/\/www.atta45.se\/e-butik\/produkt\/plyschleksak-ren-everly\/","title":{"rendered":"Plyschleksak ren Everly"},"content":{"rendered":"<p>Plyschleksak i form av en ren. Broderade \u00f6gon. Kombineras med artikel 5013. Inkluderar en tag f\u00f6r tryck\u00e4ndam\u00e5l.<\/p>\n","protected":false},"excerpt":{"rendered":"<p>Plyschleksak i form av en ren. Broderade \u00f6gon. Kombineras med artikel 5013. Inkluderar en tag f\u00f6r tryck\u00e4ndam\u00e5l.<\/p>\n","protected":false},"featured_media":60209,"template":"","meta":{"_acf_changed":false,"_seopress_robots_primary_cat":"","_seopress_titles_title":"","_seopress_titles_desc":"","_seopress_robots_index":""},"product_brand":[],"product_cat":[15],"product_tag":[],"class_list":{"0":"post-60208","1":"product","2":"type-product","3":"status-publish","4":"has-post-thumbnail","6":"product_cat-okategoriserad","7":"atta45_taxonomy-tema-inspiration-ogonblick-jul-sv","8":"atta45_taxonomy-nyheter-sv","9":"atta45_taxonomy-tema-inspiration-utvalda-produkter-nyheter-sv","10":"atta45_taxonomy-fritid-spel-leksaker-plysch-sv","11":"atta45_taxonomy-tema-inspiration-sasong-sv","12":"atta45_taxonomy-fritid-spel-leksaker-sv","13":"atta45_taxonomy-tema-inspiration-sv","14":"atta45_taxonomy-tema-inspiration-sasong-vinter-sv","15":"atta45_taxonomy-tema-inspiration-ogonblick-vinterlandskap-sv","16":"atta45_taxonomy-fritid-xmas-sv","18":"first","19":"instock","20":"taxable","21":"shipping-taxable","22":"purchasable","23":"product-type-variable"},"acf":[],"_links":{"self":[{"href":"https:\/\/www.atta45.se\/e-butik\/wp-json\/wp\/v2\/product\/60208","targetHints":{"allow":["GET"]}}],"collection":[{"href":"https:\/\/www.atta45.se\/e-butik\/wp-json\/wp\/v2\/product"}],"about":[{"href":"https:\/\/www.atta45.se\/e-butik\/wp-json\/wp\/v2\/types\/product"}],"wp:featuredmedia":[{"embeddable":true,"href":"https:\/\/www.atta45.se\/e-butik\/wp-json\/wp\/v2\/media\/60209"}],"wp:attachment":[{"href":"https:\/\/www.atta45.se\/e-butik\/wp-json\/wp\/v2\/media?parent=60208"}],"wp:term":[{"taxonomy":"product_brand","embeddable":true,"href":"https:\/\/www.atta45.se\/e-butik\/wp-json\/wp\/v2\/product_brand?post=60208"},{"taxonomy":"product_cat","embeddable":true,"href":"https:\/\/www.atta45.se\/e-butik\/wp-json\/wp\/v2\/product_cat?post=60208"},{"taxonomy":"product_tag","embeddable":true,"href":"https:\/\/www.atta45.se\/e-butik\/wp-json\/wp\/v2\/product_tag?post=60208"}],"curies":[{"name":"wp","href":"https:\/\/api.w.org\/{rel}","templated":true}]}}