{"id":60166,"date":"2024-12-26T22:39:51","date_gmt":"2024-12-26T21:39:51","guid":{"rendered":"https:\/\/www.atta45.se\/e-butik\/?post_type=product&#038;p=60166"},"modified":"2025-10-27T19:35:30","modified_gmt":"2025-10-27T18:35:30","slug":"plyshelefant-madeline","status":"publish","type":"product","link":"https:\/\/www.atta45.se\/e-butik\/produkt\/plyshelefant-madeline\/","title":{"rendered":"Plyshelefant Madeline"},"content":{"rendered":"<p>Plyshelefant med l\u00e5nga armar och kardborrest\u00e4ngning. Broderade \u00f6gon. Inklusive \u00f6ronm\u00e4rke f\u00f6r tryck.<\/p>\n","protected":false},"excerpt":{"rendered":"<p>Plyshelefant med l\u00e5nga armar och kardborrest\u00e4ngning. Broderade \u00f6gon. Inklusive \u00f6ronm\u00e4rke f\u00f6r tryck.<\/p>\n","protected":false},"featured_media":60167,"template":"","meta":{"_acf_changed":false,"_seopress_robots_primary_cat":"","_seopress_titles_title":"","_seopress_titles_desc":"","_seopress_robots_index":""},"product_brand":[],"product_cat":[15],"product_tag":[],"class_list":{"0":"post-60166","1":"product","2":"type-product","3":"status-publish","4":"has-post-thumbnail","6":"product_cat-okategoriserad","7":"atta45_taxonomy-nyheter-sv","8":"atta45_taxonomy-tema-inspiration-utvalda-produkter-nyheter-sv","9":"atta45_taxonomy-fritid-spel-leksaker-plysch-sv","10":"atta45_taxonomy-fritid-spel-leksaker-sv","12":"first","13":"instock","14":"taxable","15":"shipping-taxable","16":"purchasable","17":"product-type-variable"},"acf":[],"_links":{"self":[{"href":"https:\/\/www.atta45.se\/e-butik\/wp-json\/wp\/v2\/product\/60166","targetHints":{"allow":["GET"]}}],"collection":[{"href":"https:\/\/www.atta45.se\/e-butik\/wp-json\/wp\/v2\/product"}],"about":[{"href":"https:\/\/www.atta45.se\/e-butik\/wp-json\/wp\/v2\/types\/product"}],"wp:featuredmedia":[{"embeddable":true,"href":"https:\/\/www.atta45.se\/e-butik\/wp-json\/wp\/v2\/media\/60167"}],"wp:attachment":[{"href":"https:\/\/www.atta45.se\/e-butik\/wp-json\/wp\/v2\/media?parent=60166"}],"wp:term":[{"taxonomy":"product_brand","embeddable":true,"href":"https:\/\/www.atta45.se\/e-butik\/wp-json\/wp\/v2\/product_brand?post=60166"},{"taxonomy":"product_cat","embeddable":true,"href":"https:\/\/www.atta45.se\/e-butik\/wp-json\/wp\/v2\/product_cat?post=60166"},{"taxonomy":"product_tag","embeddable":true,"href":"https:\/\/www.atta45.se\/e-butik\/wp-json\/wp\/v2\/product_tag?post=60166"}],"curies":[{"name":"wp","href":"https:\/\/api.w.org\/{rel}","templated":true}]}}