{"id":60114,"date":"2024-12-26T22:39:07","date_gmt":"2024-12-26T21:39:07","guid":{"rendered":"https:\/\/www.atta45.se\/e-butik\/?post_type=product&#038;p=60114"},"modified":"2025-10-27T19:28:31","modified_gmt":"2025-10-27T18:28:31","slug":"trapatiensspel-joel","status":"publish","type":"product","link":"https:\/\/www.atta45.se\/e-butik\/produkt\/trapatiensspel-joel\/","title":{"rendered":"Tr\u00e4patiensspel Joel"},"content":{"rendered":"<p>Tr\u00e4patiensspel med plastram. F\u00f6lj numrernas v\u00e4g f\u00f6r att slutf\u00f6ra spelet utan att l\u00e5ta metallbollen falla i h\u00e5len. Individuellt f\u00f6rpackat i en brun kartongl\u00e5da.<\/p>\n","protected":false},"excerpt":{"rendered":"<p>Tr\u00e4patiensspel med plastram. F\u00f6lj numrernas v\u00e4g f\u00f6r att slutf\u00f6ra spelet utan att l\u00e5ta metallbollen falla i h\u00e5len. Individuellt f\u00f6rpackat i en brun kartongl\u00e5da.<\/p>\n","protected":false},"featured_media":60115,"template":"","meta":{"_acf_changed":false,"_seopress_robots_primary_cat":"","_seopress_titles_title":"","_seopress_titles_desc":"","_seopress_robots_index":""},"product_brand":[],"product_cat":[15],"product_tag":[],"class_list":{"0":"post-60114","1":"product","2":"type-product","3":"status-publish","4":"has-post-thumbnail","6":"product_cat-okategoriserad","7":"atta45_taxonomy-tema-inspiration-ogonblick-en-dag-i-parken-sv","8":"atta45_taxonomy-fritid-spel-leksaker-leksaker-sv","9":"atta45_taxonomy-tema-inspiration-utvalda-produkter-nyheter-sv","10":"atta45_taxonomy-nyheter-sv","11":"atta45_taxonomy-tema-inspiration-ogonblick-pa-vagen-sv","12":"atta45_taxonomy-fritid-spel-leksaker-spel-sv","13":"atta45_taxonomy-fritid-spel-leksaker-sv","14":"atta45_taxonomy-tema-inspiration-sv","16":"first","17":"instock","18":"taxable","19":"shipping-taxable","20":"purchasable","21":"product-type-variable"},"acf":[],"_links":{"self":[{"href":"https:\/\/www.atta45.se\/e-butik\/wp-json\/wp\/v2\/product\/60114","targetHints":{"allow":["GET"]}}],"collection":[{"href":"https:\/\/www.atta45.se\/e-butik\/wp-json\/wp\/v2\/product"}],"about":[{"href":"https:\/\/www.atta45.se\/e-butik\/wp-json\/wp\/v2\/types\/product"}],"wp:featuredmedia":[{"embeddable":true,"href":"https:\/\/www.atta45.se\/e-butik\/wp-json\/wp\/v2\/media\/60115"}],"wp:attachment":[{"href":"https:\/\/www.atta45.se\/e-butik\/wp-json\/wp\/v2\/media?parent=60114"}],"wp:term":[{"taxonomy":"product_brand","embeddable":true,"href":"https:\/\/www.atta45.se\/e-butik\/wp-json\/wp\/v2\/product_brand?post=60114"},{"taxonomy":"product_cat","embeddable":true,"href":"https:\/\/www.atta45.se\/e-butik\/wp-json\/wp\/v2\/product_cat?post=60114"},{"taxonomy":"product_tag","embeddable":true,"href":"https:\/\/www.atta45.se\/e-butik\/wp-json\/wp\/v2\/product_tag?post=60114"}],"curies":[{"name":"wp","href":"https:\/\/api.w.org\/{rel}","templated":true}]}}