{"id":60084,"date":"2024-12-26T22:37:54","date_gmt":"2024-12-26T21:37:54","guid":{"rendered":"https:\/\/www.atta45.se\/e-butik\/?post_type=product&#038;p=60084"},"modified":"2025-10-27T19:05:45","modified_gmt":"2025-10-27T18:05:45","slug":"schwarzwolf-arkansas-hart-fodral-for-glasogon","status":"publish","type":"product","link":"https:\/\/www.atta45.se\/e-butik\/produkt\/schwarzwolf-arkansas-hart-fodral-for-glasogon\/","title":{"rendered":"Glas\u00f6gonfodral, h\u00e5rt Schwarzwolf Arkansas"},"content":{"rendered":"<p>Schwarzwolf h\u00e5rt fodral f\u00f6r solglas\u00f6gon. Fodralet \u00e4r tillverkat av svart canvas och sammetsmaterial. Fodralet har en dragkedja med Schwarzwolf-logotyp p\u00e5 dragkedjan. Fallet<br \/>inneh\u00e5ller en svart mikrofiberp\u00e5se och en vit mikrofiberreng\u00f6ringsduk l\u00e4mplig f\u00f6r sublimering. F\u00f6rpackad i presentf\u00f6rpackning.<br \/>Rekommenderad tryckteknik: silkscreentryck S3 enf\u00e4rgad, sublimering<br \/>Maximal utskriftsstorlek: fodral 50 \u00d7 15 mm, reng\u00f6ringsduk 100 \u00d7 100 mm<br \/>M\u00e5tt: fodral 16,5 \u00d7 7,5 \u00d7 6,5 cm, mikrofiberp\u00e5se 8,5 \u00d7 17,6 cm, reng\u00f6ringsduk 15 \u00d7 18 cm<br \/>Koldioxidavtryck: gCO2e 426<\/p>\n","protected":false},"excerpt":{"rendered":"<p>Schwarzwolf h\u00e5rt fodral f\u00f6r solglas\u00f6gon. Fodralet \u00e4r tillverkat av svart canvas och sammetsmaterial. Fodralet har en dragkedja med Schwarzwolf-logotyp p\u00e5 dragkedjan. Falletinneh\u00e5ller en svart mikrofiberp\u00e5se och en vit mikrofiberreng\u00f6ringsduk l\u00e4mplig f\u00f6r sublimering. F\u00f6rpackad i presentf\u00f6rpackning.Rekommenderad tryckteknik: silkscreentryck S3 enf\u00e4rgad, sublimeringMaximal utskriftsstorlek: fodral 50 \u00d7 15 mm, reng\u00f6ringsduk 100 \u00d7 100 mmM\u00e5tt: fodral 16,5 \u00d7 7,5 [&hellip;]<\/p>\n","protected":false},"featured_media":60085,"template":"","meta":{"_acf_changed":false,"_seopress_robots_primary_cat":"","_seopress_titles_title":"","_seopress_titles_desc":"","_seopress_robots_index":""},"product_brand":[],"product_cat":[15],"product_tag":[],"class_list":{"0":"post-60084","1":"product","2":"type-product","3":"status-publish","4":"has-post-thumbnail","6":"product_cat-okategoriserad","7":"atta45_taxonomy-tema-inspiration-varumarken-schwarzwolf-sv","8":"atta45_taxonomy-fritid-solglasogon-tillbehor-sv","10":"first","11":"instock","12":"taxable","13":"shipping-taxable","14":"purchasable","15":"product-type-variable"},"acf":[],"_links":{"self":[{"href":"https:\/\/www.atta45.se\/e-butik\/wp-json\/wp\/v2\/product\/60084","targetHints":{"allow":["GET"]}}],"collection":[{"href":"https:\/\/www.atta45.se\/e-butik\/wp-json\/wp\/v2\/product"}],"about":[{"href":"https:\/\/www.atta45.se\/e-butik\/wp-json\/wp\/v2\/types\/product"}],"wp:featuredmedia":[{"embeddable":true,"href":"https:\/\/www.atta45.se\/e-butik\/wp-json\/wp\/v2\/media\/60085"}],"wp:attachment":[{"href":"https:\/\/www.atta45.se\/e-butik\/wp-json\/wp\/v2\/media?parent=60084"}],"wp:term":[{"taxonomy":"product_brand","embeddable":true,"href":"https:\/\/www.atta45.se\/e-butik\/wp-json\/wp\/v2\/product_brand?post=60084"},{"taxonomy":"product_cat","embeddable":true,"href":"https:\/\/www.atta45.se\/e-butik\/wp-json\/wp\/v2\/product_cat?post=60084"},{"taxonomy":"product_tag","embeddable":true,"href":"https:\/\/www.atta45.se\/e-butik\/wp-json\/wp\/v2\/product_tag?post=60084"}],"curies":[{"name":"wp","href":"https:\/\/api.w.org\/{rel}","templated":true}]}}