{"id":60044,"date":"2024-12-26T22:37:26","date_gmt":"2024-12-26T21:37:26","guid":{"rendered":"https:\/\/www.atta45.se\/e-butik\/?post_type=product&#038;p=60044"},"modified":"2025-10-27T19:05:20","modified_gmt":"2025-10-27T18:05:20","slug":"schwarzwolf-mahaveli-solglasogon","status":"publish","type":"product","link":"https:\/\/www.atta45.se\/e-butik\/produkt\/schwarzwolf-mahaveli-solglasogon\/","title":{"rendered":"Solglas\u00f6gon Schwarzwolf Mahaveli"},"content":{"rendered":"<p>Polariserade Schwazwolf solglas\u00f6gon.<br \/>Solglas\u00f6gonens b\u00e5ge och skalmar \u00e4r svarta med r\u00f6da detaljer p\u00e5 b\u00e5da skalmarna med metalliska g\u00e5ngj\u00e4rn dekorerade med Schwarzwolfs logotyp.<\/p>\n<p>Polariserade glas\u00f6gon minskar obehaglig bl\u00e4ndning och tr\u00f6tthet i \u00f6gonen.<\/p>\n<p>De har svarta linser med UV400-skydd l\u00e4mpliga f\u00f6r utomhusaktiviteter och sport. Kommer i en svart mikrofiberp\u00e5se och ett praktiskt h\u00e5rt svart fodral med dragkedja.<\/p>\n<p>Inkluderar en vit mikrofiberduk som \u00e4r l\u00e4mplig f\u00f6r sublimering.<\/p>\n<p>F\u00f6rpackad i presentf\u00f6rpackning.<\/p>\n<p>Rekommenderad trycksteknik:<br \/>tampontryck T3, silkscreentryck S3 enf\u00e4rgad, sublimering<\/p>\n<p>Maximal tryckstorlek:<br \/>&#8211; skalm 30 \u00d7 7 mm<br \/>&#8211; fodral 50 \u00d7 15 mm<br \/>&#8211; reng\u00f6ringsduk 100 \u00d7 100 mm<\/p>\n<p>M\u00e5tt:<br \/>&#8211; mikrofiberp\u00e5se 8,5 \u00d7 17,6 cm<br \/>&#8211; fodral 16,5 \u00d7 7,5 \u00d7 6,5 cm<br \/>&#8211; reng\u00f6ringsduk 15 \u00d7 18 cm<\/p>\n<p>Koldioxidavtryck: gCO2e 549<\/p>\n","protected":false},"excerpt":{"rendered":"<p>Polariserade Schwazwolf solglas\u00f6gon.Solglas\u00f6gonens b\u00e5ge och skalmar \u00e4r svarta med r\u00f6da detaljer p\u00e5 b\u00e5da skalmarna med metalliska g\u00e5ngj\u00e4rn dekorerade med Schwarzwolfs logotyp. Polariserade glas\u00f6gon minskar obehaglig bl\u00e4ndning och tr\u00f6tthet i \u00f6gonen. De har svarta linser med UV400-skydd l\u00e4mpliga f\u00f6r utomhusaktiviteter och sport. Kommer i en svart mikrofiberp\u00e5se och ett praktiskt h\u00e5rt svart fodral med dragkedja. Inkluderar [&hellip;]<\/p>\n","protected":false},"featured_media":60045,"template":"","meta":{"_acf_changed":false,"_seopress_robots_primary_cat":"","_seopress_titles_title":"","_seopress_titles_desc":"","_seopress_robots_index":""},"product_brand":[],"product_cat":[15],"product_tag":[],"class_list":{"0":"post-60044","1":"product","2":"type-product","3":"status-publish","4":"has-post-thumbnail","6":"product_cat-okategoriserad","7":"atta45_taxonomy-tema-inspiration-varumarken-schwarzwolf-sv","8":"atta45_taxonomy-fritid-solglasogon-tillbehor-sv","10":"first","11":"instock","12":"taxable","13":"shipping-taxable","14":"purchasable","15":"product-type-variable"},"acf":[],"_links":{"self":[{"href":"https:\/\/www.atta45.se\/e-butik\/wp-json\/wp\/v2\/product\/60044","targetHints":{"allow":["GET"]}}],"collection":[{"href":"https:\/\/www.atta45.se\/e-butik\/wp-json\/wp\/v2\/product"}],"about":[{"href":"https:\/\/www.atta45.se\/e-butik\/wp-json\/wp\/v2\/types\/product"}],"wp:featuredmedia":[{"embeddable":true,"href":"https:\/\/www.atta45.se\/e-butik\/wp-json\/wp\/v2\/media\/60045"}],"wp:attachment":[{"href":"https:\/\/www.atta45.se\/e-butik\/wp-json\/wp\/v2\/media?parent=60044"}],"wp:term":[{"taxonomy":"product_brand","embeddable":true,"href":"https:\/\/www.atta45.se\/e-butik\/wp-json\/wp\/v2\/product_brand?post=60044"},{"taxonomy":"product_cat","embeddable":true,"href":"https:\/\/www.atta45.se\/e-butik\/wp-json\/wp\/v2\/product_cat?post=60044"},{"taxonomy":"product_tag","embeddable":true,"href":"https:\/\/www.atta45.se\/e-butik\/wp-json\/wp\/v2\/product_tag?post=60044"}],"curies":[{"name":"wp","href":"https:\/\/api.w.org\/{rel}","templated":true}]}}