{"id":60002,"date":"2024-12-26T22:36:07","date_gmt":"2024-12-26T21:36:07","guid":{"rendered":"https:\/\/www.atta45.se\/e-butik\/?post_type=product&#038;p=60002"},"modified":"2025-10-28T03:32:47","modified_gmt":"2025-10-28T02:32:47","slug":"heat-it-mot-insektsbett","status":"publish","type":"product","link":"https:\/\/www.atta45.se\/e-butik\/produkt\/heat-it-mot-insektsbett\/","title":{"rendered":"Heat it &#8211; mot insektsbett"},"content":{"rendered":"<p>Heat It\u00ae Mot Insektsbett Iphone (lighting) eller Android (USB C) \u00e4r en smart liten teknisk enhet med kortvarig v\u00e4rmebehandling mot insektsbett. Snabbverkande behandling som hj\u00e4lper till att lindra behovet av att klia p\u00e5 huden med hj\u00e4lp av koncentrerad v\u00e4rme. Kan anv\u00e4ndas mot myggor, bin, getingar och bromsar. Enheten kopplas in i en smartphones laddningsport och v\u00e4rmen kan justeras beroende p\u00e5 k\u00e4nslighet. L\u00e4tt att ha med sig och kan s\u00e4ttas fast p\u00e5 nyckelknippan. Passar iPhone 6 och upp\u00e5t.<\/p>\n<p>&#8211; V\u00e4rmebehandling mot insektsbett<br \/>&#8211; Kan anv\u00e4ndas vid bett fr\u00e5n bland annat myggor och getingar<br \/>&#8211; L\u00e4tt att ha med sig p\u00e5 exempelvis nyckelknippan<\/p>\n<p>Anslut enheten i laddningsporten och \u00f6ppna appen. Efter kort uppv\u00e4rmning l\u00e4gg kontaktytan p\u00e5 bettet. Beroende p\u00e5 inst\u00e4llning i appen varar behandlingen i 4,7 eller 10 sekunder.<\/p>\n","protected":false},"excerpt":{"rendered":"<p>Heat It\u00ae Mot Insektsbett Iphone (lighting) eller Android (USB C) \u00e4r en smart liten teknisk enhet med kortvarig v\u00e4rmebehandling mot insektsbett. Snabbverkande behandling som hj\u00e4lper till att lindra behovet av att klia p\u00e5 huden med hj\u00e4lp av koncentrerad v\u00e4rme. Kan anv\u00e4ndas mot myggor, bin, getingar och bromsar. Enheten kopplas in i en smartphones laddningsport och [&hellip;]<\/p>\n","protected":false},"featured_media":60003,"template":"","meta":{"_acf_changed":false,"_seopress_robots_primary_cat":"","_seopress_titles_title":"","_seopress_titles_desc":"","_seopress_robots_index":""},"product_brand":[],"product_cat":[15],"product_tag":[],"class_list":{"0":"post-60002","1":"product","2":"type-product","3":"status-publish","4":"has-post-thumbnail","6":"product_cat-okategoriserad","7":"atta45_taxonomy-tema-inspiration-varumarken-heat-it-sv","8":"atta45_taxonomy-praktiska-ting-nyckelringar-utan-lampor-sv","9":"atta45_taxonomy-fritid-overlevnadsprodukter-sv","10":"atta45_taxonomy-reflexer-verktyg-sakerhet-overlevnadsprodukter-sv","12":"first","13":"instock","14":"taxable","15":"shipping-taxable","16":"purchasable","17":"product-type-variable"},"acf":[],"_links":{"self":[{"href":"https:\/\/www.atta45.se\/e-butik\/wp-json\/wp\/v2\/product\/60002","targetHints":{"allow":["GET"]}}],"collection":[{"href":"https:\/\/www.atta45.se\/e-butik\/wp-json\/wp\/v2\/product"}],"about":[{"href":"https:\/\/www.atta45.se\/e-butik\/wp-json\/wp\/v2\/types\/product"}],"wp:featuredmedia":[{"embeddable":true,"href":"https:\/\/www.atta45.se\/e-butik\/wp-json\/wp\/v2\/media\/60003"}],"wp:attachment":[{"href":"https:\/\/www.atta45.se\/e-butik\/wp-json\/wp\/v2\/media?parent=60002"}],"wp:term":[{"taxonomy":"product_brand","embeddable":true,"href":"https:\/\/www.atta45.se\/e-butik\/wp-json\/wp\/v2\/product_brand?post=60002"},{"taxonomy":"product_cat","embeddable":true,"href":"https:\/\/www.atta45.se\/e-butik\/wp-json\/wp\/v2\/product_cat?post=60002"},{"taxonomy":"product_tag","embeddable":true,"href":"https:\/\/www.atta45.se\/e-butik\/wp-json\/wp\/v2\/product_tag?post=60002"}],"curies":[{"name":"wp","href":"https:\/\/api.w.org\/{rel}","templated":true}]}}