{"id":59914,"date":"2024-12-26T22:35:19","date_gmt":"2024-12-26T21:35:19","guid":{"rendered":"https:\/\/www.atta45.se\/e-butik\/?post_type=product&#038;p=59914"},"modified":"2025-10-28T00:55:34","modified_gmt":"2025-10-27T23:55:34","slug":"schwarzwolf-cibus-mat-termos-550-ml","status":"publish","type":"product","link":"https:\/\/www.atta45.se\/e-butik\/produkt\/schwarzwolf-cibus-mat-termos-550-ml\/","title":{"rendered":"Mat-termos SCHWARZWOLF CIBUS 550 ml"},"content":{"rendered":"<p>Denna 550 ml Schwarzwolf mattermos g\u00f6r att du kan ta med dig din favoritsoppa eller gr\u00f6t p\u00e5 en resa till naturen eller till och med p\u00e5 jobbet och h\u00e5lla den varm eller kall.<br \/>under en l\u00e5ng tid.<\/p>\n<p>Termos kompletteras med en hopf\u00e4llbar sked i locket f\u00f6r din bekv\u00e4mlighet.<\/p>\n<p>Den \u00e4r l\u00e4tt att underh\u00e5lla och har en praktisk design.<\/p>\n<p>F\u00f6rpackad i en presentf\u00f6rpackning fr\u00e5n Schwarzwolf. <\/p>\n","protected":false},"excerpt":{"rendered":"<p>Denna 550 ml Schwarzwolf mattermos g\u00f6r att du kan ta med dig din favoritsoppa eller gr\u00f6t p\u00e5 en resa till naturen eller till och med p\u00e5 jobbet och h\u00e5lla den varm eller kall.under en l\u00e5ng tid. Termos kompletteras med en hopf\u00e4llbar sked i locket f\u00f6r din bekv\u00e4mlighet. Den \u00e4r l\u00e4tt att underh\u00e5lla och har en [&hellip;]<\/p>\n","protected":false},"featured_media":59915,"template":"","meta":{"_acf_changed":false,"_seopress_robots_primary_cat":"","_seopress_titles_title":"","_seopress_titles_desc":"","_seopress_robots_index":""},"product_brand":[],"product_cat":[15],"product_tag":[],"class_list":{"0":"post-59914","1":"product","2":"type-product","3":"status-publish","4":"has-post-thumbnail","6":"product_cat-okategoriserad","7":"atta45_taxonomy-fritid-overlevnadsprodukter-sv","8":"atta45_taxonomy-fritid-picknickset-sv","9":"atta45_taxonomy-tema-inspiration-varumarken-schwarzwolf-sv","10":"atta45_taxonomy-hem-hushall-termos-sv","12":"first","13":"instock","14":"taxable","15":"shipping-taxable","16":"purchasable","17":"product-type-variable"},"acf":[],"_links":{"self":[{"href":"https:\/\/www.atta45.se\/e-butik\/wp-json\/wp\/v2\/product\/59914","targetHints":{"allow":["GET"]}}],"collection":[{"href":"https:\/\/www.atta45.se\/e-butik\/wp-json\/wp\/v2\/product"}],"about":[{"href":"https:\/\/www.atta45.se\/e-butik\/wp-json\/wp\/v2\/types\/product"}],"wp:featuredmedia":[{"embeddable":true,"href":"https:\/\/www.atta45.se\/e-butik\/wp-json\/wp\/v2\/media\/59915"}],"wp:attachment":[{"href":"https:\/\/www.atta45.se\/e-butik\/wp-json\/wp\/v2\/media?parent=59914"}],"wp:term":[{"taxonomy":"product_brand","embeddable":true,"href":"https:\/\/www.atta45.se\/e-butik\/wp-json\/wp\/v2\/product_brand?post=59914"},{"taxonomy":"product_cat","embeddable":true,"href":"https:\/\/www.atta45.se\/e-butik\/wp-json\/wp\/v2\/product_cat?post=59914"},{"taxonomy":"product_tag","embeddable":true,"href":"https:\/\/www.atta45.se\/e-butik\/wp-json\/wp\/v2\/product_tag?post=59914"}],"curies":[{"name":"wp","href":"https:\/\/api.w.org\/{rel}","templated":true}]}}