{"id":59864,"date":"2024-12-26T22:33:54","date_gmt":"2024-12-26T21:33:54","guid":{"rendered":"https:\/\/www.atta45.se\/e-butik\/?post_type=product&#038;p=59864"},"modified":"2025-10-28T00:51:48","modified_gmt":"2025-10-27T23:51:48","slug":"schwarzwolf-hunter-multifunktionell-hopfallbar-kniv-9-i-1","status":"publish","type":"product","link":"https:\/\/www.atta45.se\/e-butik\/produkt\/schwarzwolf-hunter-multifunktionell-hopfallbar-kniv-9-i-1\/","title":{"rendered":"F\u00e4llkniv Schwarzwolf Hunter multifunktionell , 9-i-1"},"content":{"rendered":"<p>9-i-1 multifunktionell f\u00e4llkniv Schwarzwolf.<br \/>Levereras i Schwarzwolf presentf\u00f6rpackning-<br \/>Material: Rostfritt st\u00e5l, tr\u00e4<br \/>Rekommenderad m\u00e4rkning: Lasergravyr L1<br \/>Max tryckyta: 30 x 5 mm<br \/>Knivens storlek (st\u00e4ngd): 93 x 25 x 17 mm<\/p>\n","protected":false},"excerpt":{"rendered":"<p>9-i-1 multifunktionell f\u00e4llkniv Schwarzwolf.Levereras i Schwarzwolf presentf\u00f6rpackning-Material: Rostfritt st\u00e5l, tr\u00e4Rekommenderad m\u00e4rkning: Lasergravyr L1Max tryckyta: 30 x 5 mmKnivens storlek (st\u00e4ngd): 93 x 25 x 17 mm<\/p>\n","protected":false},"featured_media":59865,"template":"","meta":{"_acf_changed":false,"_seopress_robots_primary_cat":"","_seopress_titles_title":"","_seopress_titles_desc":"","_seopress_robots_index":""},"product_brand":[],"product_cat":[15],"product_tag":[],"class_list":{"0":"post-59864","1":"product","2":"type-product","3":"status-publish","4":"has-post-thumbnail","6":"product_cat-okategoriserad","7":"atta45_taxonomy-reflexer-verktyg-sakerhet-knivar-sv","8":"atta45_taxonomy-reflexer-verktyg-sakerhet-multiverktyg-sv","9":"atta45_taxonomy-fritid-overlevnadsprodukter-sv","10":"atta45_taxonomy-tema-inspiration-varumarken-schwarzwolf-sv","12":"first","13":"instock","14":"taxable","15":"shipping-taxable","16":"purchasable","17":"product-type-variable"},"acf":[],"_links":{"self":[{"href":"https:\/\/www.atta45.se\/e-butik\/wp-json\/wp\/v2\/product\/59864","targetHints":{"allow":["GET"]}}],"collection":[{"href":"https:\/\/www.atta45.se\/e-butik\/wp-json\/wp\/v2\/product"}],"about":[{"href":"https:\/\/www.atta45.se\/e-butik\/wp-json\/wp\/v2\/types\/product"}],"wp:featuredmedia":[{"embeddable":true,"href":"https:\/\/www.atta45.se\/e-butik\/wp-json\/wp\/v2\/media\/59865"}],"wp:attachment":[{"href":"https:\/\/www.atta45.se\/e-butik\/wp-json\/wp\/v2\/media?parent=59864"}],"wp:term":[{"taxonomy":"product_brand","embeddable":true,"href":"https:\/\/www.atta45.se\/e-butik\/wp-json\/wp\/v2\/product_brand?post=59864"},{"taxonomy":"product_cat","embeddable":true,"href":"https:\/\/www.atta45.se\/e-butik\/wp-json\/wp\/v2\/product_cat?post=59864"},{"taxonomy":"product_tag","embeddable":true,"href":"https:\/\/www.atta45.se\/e-butik\/wp-json\/wp\/v2\/product_tag?post=59864"}],"curies":[{"name":"wp","href":"https:\/\/api.w.org\/{rel}","templated":true}]}}