{"id":59760,"date":"2024-12-26T22:33:01","date_gmt":"2024-12-26T21:33:01","guid":{"rendered":"https:\/\/www.atta45.se\/e-butik\/?post_type=product&#038;p=59760"},"modified":"2025-10-28T00:50:25","modified_gmt":"2025-10-27T23:50:25","slug":"schwarzwolf-styx-hopfallbar-kniv","status":"publish","type":"product","link":"https:\/\/www.atta45.se\/e-butik\/produkt\/schwarzwolf-styx-hopfallbar-kniv\/","title":{"rendered":"F\u00e4llkniv Schwarzwolf Styx"},"content":{"rendered":"<p>F\u00e4llkniv Schwarzwolf med handtag i plast, b\u00e4ltesclip och s\u00e4kerhetssp\u00e4rr. Levereras i Schwarzwolf presentf\u00f6rpackning.<br \/>Material: Rostfritt st\u00e5l, plast<br \/>Rekommenderad m\u00e4rkning: Lasergravyr L1<br \/>Max tryckyta: 30 x 5 mm<br \/>Knivens storlek (ihopf\u00e4lld): 114 x 36 x 12 mm<\/p>\n","protected":false},"excerpt":{"rendered":"<p>F\u00e4llkniv Schwarzwolf med handtag i plast, b\u00e4ltesclip och s\u00e4kerhetssp\u00e4rr. Levereras i Schwarzwolf presentf\u00f6rpackning.Material: Rostfritt st\u00e5l, plastRekommenderad m\u00e4rkning: Lasergravyr L1Max tryckyta: 30 x 5 mmKnivens storlek (ihopf\u00e4lld): 114 x 36 x 12 mm<\/p>\n","protected":false},"featured_media":59761,"template":"","meta":{"_acf_changed":false,"_seopress_robots_primary_cat":"","_seopress_titles_title":"","_seopress_titles_desc":"","_seopress_robots_index":""},"product_brand":[],"product_cat":[15],"product_tag":[],"class_list":{"0":"post-59760","1":"product","2":"type-product","3":"status-publish","4":"has-post-thumbnail","6":"product_cat-okategoriserad","7":"atta45_taxonomy-reflexer-verktyg-sakerhet-knivar-sv","8":"atta45_taxonomy-fritid-overlevnadsprodukter-sv","9":"atta45_taxonomy-tema-inspiration-varumarken-schwarzwolf-sv","11":"first","12":"instock","13":"taxable","14":"shipping-taxable","15":"purchasable","16":"product-type-variable"},"acf":[],"_links":{"self":[{"href":"https:\/\/www.atta45.se\/e-butik\/wp-json\/wp\/v2\/product\/59760","targetHints":{"allow":["GET"]}}],"collection":[{"href":"https:\/\/www.atta45.se\/e-butik\/wp-json\/wp\/v2\/product"}],"about":[{"href":"https:\/\/www.atta45.se\/e-butik\/wp-json\/wp\/v2\/types\/product"}],"wp:featuredmedia":[{"embeddable":true,"href":"https:\/\/www.atta45.se\/e-butik\/wp-json\/wp\/v2\/media\/59761"}],"wp:attachment":[{"href":"https:\/\/www.atta45.se\/e-butik\/wp-json\/wp\/v2\/media?parent=59760"}],"wp:term":[{"taxonomy":"product_brand","embeddable":true,"href":"https:\/\/www.atta45.se\/e-butik\/wp-json\/wp\/v2\/product_brand?post=59760"},{"taxonomy":"product_cat","embeddable":true,"href":"https:\/\/www.atta45.se\/e-butik\/wp-json\/wp\/v2\/product_cat?post=59760"},{"taxonomy":"product_tag","embeddable":true,"href":"https:\/\/www.atta45.se\/e-butik\/wp-json\/wp\/v2\/product_tag?post=59760"}],"curies":[{"name":"wp","href":"https:\/\/api.w.org\/{rel}","templated":true}]}}