{"id":59738,"date":"2024-12-26T22:32:48","date_gmt":"2024-12-26T21:32:48","guid":{"rendered":"https:\/\/www.atta45.se\/e-butik\/?post_type=product&#038;p=59738"},"modified":"2025-10-28T00:50:14","modified_gmt":"2025-10-27T23:50:14","slug":"schwarzwolf-jaguar-kniv","status":"publish","type":"product","link":"https:\/\/www.atta45.se\/e-butik\/produkt\/schwarzwolf-jaguar-kniv\/","title":{"rendered":"Kniv Schwarzwolf Jaguar"},"content":{"rendered":"<p>F\u00e4llkniv Schwarzwolf med tr\u00e4handtag och s\u00e4kerhetssp\u00e4rr. <br \/>Levereras i presentf\u00f6rpackning.<br \/>Material: Rostfritt st\u00e5l, tr\u00e4<br \/>Rekommenderad m\u00e4rkning: Lasergravyr L1<br \/>Max tryckyta: Medium 30 x 5 mm, Stor 30 x 10 mm<br \/>Knivens storlek (ihopf\u00e4lld): 110 mm<br \/>Den stora modellen har art.nr F1900700SA3<\/p>\n","protected":false},"excerpt":{"rendered":"<p>F\u00e4llkniv Schwarzwolf med tr\u00e4handtag och s\u00e4kerhetssp\u00e4rr. Levereras i presentf\u00f6rpackning.Material: Rostfritt st\u00e5l, tr\u00e4Rekommenderad m\u00e4rkning: Lasergravyr L1Max tryckyta: Medium 30 x 5 mm, Stor 30 x 10 mmKnivens storlek (ihopf\u00e4lld): 110 mmDen stora modellen har art.nr F1900700SA3<\/p>\n","protected":false},"featured_media":59739,"template":"","meta":{"_acf_changed":false,"_seopress_robots_primary_cat":"","_seopress_titles_title":"","_seopress_titles_desc":"","_seopress_robots_index":""},"product_brand":[],"product_cat":[15],"product_tag":[],"class_list":{"0":"post-59738","1":"product","2":"type-product","3":"status-publish","4":"has-post-thumbnail","6":"product_cat-okategoriserad","7":"atta45_taxonomy-reflexer-verktyg-sakerhet-knivar-sv","8":"atta45_taxonomy-fritid-overlevnadsprodukter-sv","9":"atta45_taxonomy-tema-inspiration-varumarken-schwarzwolf-sv","11":"first","12":"instock","13":"taxable","14":"shipping-taxable","15":"purchasable","16":"product-type-variable"},"acf":[],"_links":{"self":[{"href":"https:\/\/www.atta45.se\/e-butik\/wp-json\/wp\/v2\/product\/59738","targetHints":{"allow":["GET"]}}],"collection":[{"href":"https:\/\/www.atta45.se\/e-butik\/wp-json\/wp\/v2\/product"}],"about":[{"href":"https:\/\/www.atta45.se\/e-butik\/wp-json\/wp\/v2\/types\/product"}],"wp:featuredmedia":[{"embeddable":true,"href":"https:\/\/www.atta45.se\/e-butik\/wp-json\/wp\/v2\/media\/59739"}],"wp:attachment":[{"href":"https:\/\/www.atta45.se\/e-butik\/wp-json\/wp\/v2\/media?parent=59738"}],"wp:term":[{"taxonomy":"product_brand","embeddable":true,"href":"https:\/\/www.atta45.se\/e-butik\/wp-json\/wp\/v2\/product_brand?post=59738"},{"taxonomy":"product_cat","embeddable":true,"href":"https:\/\/www.atta45.se\/e-butik\/wp-json\/wp\/v2\/product_cat?post=59738"},{"taxonomy":"product_tag","embeddable":true,"href":"https:\/\/www.atta45.se\/e-butik\/wp-json\/wp\/v2\/product_tag?post=59738"}],"curies":[{"name":"wp","href":"https:\/\/api.w.org\/{rel}","templated":true}]}}