{"id":59720,"date":"2024-12-26T22:32:38","date_gmt":"2024-12-26T21:32:38","guid":{"rendered":"https:\/\/www.atta45.se\/e-butik\/?post_type=product&#038;p=59720"},"modified":"2025-10-28T00:50:02","modified_gmt":"2025-10-27T23:50:02","slug":"schwarzwolf-jungle-fickkniv-i-tra","status":"publish","type":"product","link":"https:\/\/www.atta45.se\/e-butik\/produkt\/schwarzwolf-jungle-fickkniv-i-tra\/","title":{"rendered":"Fickkniv Schwarzwolf Jungle i tr\u00e4"},"content":{"rendered":"<p>Fickkniv Schwarzwolf med tr\u00e4handtag. F\u00f6rpackad i Schwarzwolf presentf\u00f6rpackning.<br \/>Material: metall\/tr\u00e4<br \/>Rekommenderad m\u00e4rkning: Lasergravyr L1, L2<br \/>Maximal tryckstorlek: 30 \u00d7 5 mm<br \/>Knivstorlek (st\u00e4ngd): 10,3 \u00d7 3 \u00d7 1,7 cm<\/p>\n","protected":false},"excerpt":{"rendered":"<p>Fickkniv Schwarzwolf med tr\u00e4handtag. F\u00f6rpackad i Schwarzwolf presentf\u00f6rpackning.Material: metall\/tr\u00e4Rekommenderad m\u00e4rkning: Lasergravyr L1, L2Maximal tryckstorlek: 30 \u00d7 5 mmKnivstorlek (st\u00e4ngd): 10,3 \u00d7 3 \u00d7 1,7 cm<\/p>\n","protected":false},"featured_media":59721,"template":"","meta":{"_acf_changed":false,"_seopress_robots_primary_cat":"","_seopress_titles_title":"","_seopress_titles_desc":"","_seopress_robots_index":""},"product_brand":[],"product_cat":[15],"product_tag":[],"class_list":{"0":"post-59720","1":"product","2":"type-product","3":"status-publish","4":"has-post-thumbnail","6":"product_cat-okategoriserad","7":"atta45_taxonomy-reflexer-verktyg-sakerhet-knivar-sv","8":"atta45_taxonomy-fritid-overlevnadsprodukter-sv","9":"atta45_taxonomy-tema-inspiration-varumarken-schwarzwolf-sv","11":"first","12":"instock","13":"taxable","14":"shipping-taxable","15":"purchasable","16":"product-type-variable"},"acf":[],"_links":{"self":[{"href":"https:\/\/www.atta45.se\/e-butik\/wp-json\/wp\/v2\/product\/59720","targetHints":{"allow":["GET"]}}],"collection":[{"href":"https:\/\/www.atta45.se\/e-butik\/wp-json\/wp\/v2\/product"}],"about":[{"href":"https:\/\/www.atta45.se\/e-butik\/wp-json\/wp\/v2\/types\/product"}],"wp:featuredmedia":[{"embeddable":true,"href":"https:\/\/www.atta45.se\/e-butik\/wp-json\/wp\/v2\/media\/59721"}],"wp:attachment":[{"href":"https:\/\/www.atta45.se\/e-butik\/wp-json\/wp\/v2\/media?parent=59720"}],"wp:term":[{"taxonomy":"product_brand","embeddable":true,"href":"https:\/\/www.atta45.se\/e-butik\/wp-json\/wp\/v2\/product_brand?post=59720"},{"taxonomy":"product_cat","embeddable":true,"href":"https:\/\/www.atta45.se\/e-butik\/wp-json\/wp\/v2\/product_cat?post=59720"},{"taxonomy":"product_tag","embeddable":true,"href":"https:\/\/www.atta45.se\/e-butik\/wp-json\/wp\/v2\/product_tag?post=59720"}],"curies":[{"name":"wp","href":"https:\/\/api.w.org\/{rel}","templated":true}]}}