{"id":59702,"date":"2024-12-26T22:32:27","date_gmt":"2024-12-26T21:32:27","guid":{"rendered":"https:\/\/www.atta45.se\/e-butik\/?post_type=product&#038;p=59702"},"modified":"2025-10-28T00:49:49","modified_gmt":"2025-10-27T23:49:49","slug":"schwarzwolf-yerger-fickkniv","status":"publish","type":"product","link":"https:\/\/www.atta45.se\/e-butik\/produkt\/schwarzwolf-yerger-fickkniv\/","title":{"rendered":"Fickkniv Schwarzwolf Yerger"},"content":{"rendered":"<p>Fickkniv med b\u00e4lteskl\u00e4mma. Modern kolfiberlook.<br \/>Rekommenderad m\u00e4rkning: Lasergravyr L1<br \/>Knivstorlek (st\u00e4ngd): 11,2 x 3 x 1,8 cm<\/p>\n","protected":false},"excerpt":{"rendered":"<p>Fickkniv med b\u00e4lteskl\u00e4mma. Modern kolfiberlook.Rekommenderad m\u00e4rkning: Lasergravyr L1Knivstorlek (st\u00e4ngd): 11,2 x 3 x 1,8 cm<\/p>\n","protected":false},"featured_media":59703,"template":"","meta":{"_acf_changed":false,"_seopress_robots_primary_cat":"","_seopress_titles_title":"","_seopress_titles_desc":"","_seopress_robots_index":""},"product_brand":[],"product_cat":[15],"product_tag":[],"class_list":{"0":"post-59702","1":"product","2":"type-product","3":"status-publish","4":"has-post-thumbnail","6":"product_cat-okategoriserad","7":"atta45_taxonomy-reflexer-verktyg-sakerhet-knivar-sv","8":"atta45_taxonomy-fritid-overlevnadsprodukter-sv","9":"atta45_taxonomy-tema-inspiration-varumarken-schwarzwolf-sv","11":"first","12":"instock","13":"taxable","14":"shipping-taxable","15":"purchasable","16":"product-type-variable"},"acf":[],"_links":{"self":[{"href":"https:\/\/www.atta45.se\/e-butik\/wp-json\/wp\/v2\/product\/59702","targetHints":{"allow":["GET"]}}],"collection":[{"href":"https:\/\/www.atta45.se\/e-butik\/wp-json\/wp\/v2\/product"}],"about":[{"href":"https:\/\/www.atta45.se\/e-butik\/wp-json\/wp\/v2\/types\/product"}],"wp:featuredmedia":[{"embeddable":true,"href":"https:\/\/www.atta45.se\/e-butik\/wp-json\/wp\/v2\/media\/59703"}],"wp:attachment":[{"href":"https:\/\/www.atta45.se\/e-butik\/wp-json\/wp\/v2\/media?parent=59702"}],"wp:term":[{"taxonomy":"product_brand","embeddable":true,"href":"https:\/\/www.atta45.se\/e-butik\/wp-json\/wp\/v2\/product_brand?post=59702"},{"taxonomy":"product_cat","embeddable":true,"href":"https:\/\/www.atta45.se\/e-butik\/wp-json\/wp\/v2\/product_cat?post=59702"},{"taxonomy":"product_tag","embeddable":true,"href":"https:\/\/www.atta45.se\/e-butik\/wp-json\/wp\/v2\/product_tag?post=59702"}],"curies":[{"name":"wp","href":"https:\/\/api.w.org\/{rel}","templated":true}]}}