{"id":59642,"date":"2024-12-26T22:31:28","date_gmt":"2024-12-26T21:31:28","guid":{"rendered":"https:\/\/www.atta45.se\/e-butik\/?post_type=product&#038;p=59642"},"modified":"2025-10-27T19:08:43","modified_gmt":"2025-10-27T18:08:43","slug":"schwarzwolf-trivor-kikare-i-neoprenfodral","status":"publish","type":"product","link":"https:\/\/www.atta45.se\/e-butik\/produkt\/schwarzwolf-trivor-kikare-i-neoprenfodral\/","title":{"rendered":"Kikare Schwarzwolf TRIVOR, i neoprenfodral"},"content":{"rendered":"<p>Schwarzwolf-kikare med 10&#215;25-optik, synf\u00e4lt p\u00e5 1000 m: 101, betraktningsvinkel 5,8\u00b0, genomsnittliga utg\u00e5ngspupiller 11 mm, kortaste fokuseringsavst\u00e5nd 3 m.<\/p>\n<p>Kikaren \u00e4r f\u00f6rpackad i ett neoprenfodral med nackrem och i en Schwarzwolf-l\u00e5da.<\/p>\n<p>Rekommenderad tryckteknik: tampotryck T3, screentryck S2.<\/p>\n<p>Maximal tryckstorlek: 40 \u00d7 20 mm.<\/p>\n<p>M\u00e5tt: 11 \u00d7 11,5 \u00d7 3,5 cm.<\/p>\n<p>Antal per kartong: 60.<\/p>\n<p>Koldioxidavtryck: gCO2e 2047<\/p>\n","protected":false},"excerpt":{"rendered":"<p>Schwarzwolf-kikare med 10&#215;25-optik, synf\u00e4lt p\u00e5 1000 m: 101, betraktningsvinkel 5,8\u00b0, genomsnittliga utg\u00e5ngspupiller 11 mm, kortaste fokuseringsavst\u00e5nd 3 m. Kikaren \u00e4r f\u00f6rpackad i ett neoprenfodral med nackrem och i en Schwarzwolf-l\u00e5da. Rekommenderad tryckteknik: tampotryck T3, screentryck S2. Maximal tryckstorlek: 40 \u00d7 20 mm. M\u00e5tt: 11 \u00d7 11,5 \u00d7 3,5 cm. Antal per kartong: 60. Koldioxidavtryck: gCO2e [&hellip;]<\/p>\n","protected":false},"featured_media":59643,"template":"","meta":{"_acf_changed":false,"_seopress_robots_primary_cat":"","_seopress_titles_title":"","_seopress_titles_desc":"","_seopress_robots_index":""},"product_brand":[],"product_cat":[15],"product_tag":[],"class_list":{"0":"post-59642","1":"product","2":"type-product","3":"status-publish","4":"has-post-thumbnail","6":"product_cat-okategoriserad","7":"atta45_taxonomy-fritid-overlevnadsprodukter-sv","8":"atta45_taxonomy-reflexer-verktyg-sakerhet-overlevnadsprodukter-sv","9":"atta45_taxonomy-tema-inspiration-varumarken-schwarzwolf-sv","11":"first","12":"instock","13":"taxable","14":"shipping-taxable","15":"purchasable","16":"product-type-variable"},"acf":[],"_links":{"self":[{"href":"https:\/\/www.atta45.se\/e-butik\/wp-json\/wp\/v2\/product\/59642","targetHints":{"allow":["GET"]}}],"collection":[{"href":"https:\/\/www.atta45.se\/e-butik\/wp-json\/wp\/v2\/product"}],"about":[{"href":"https:\/\/www.atta45.se\/e-butik\/wp-json\/wp\/v2\/types\/product"}],"wp:featuredmedia":[{"embeddable":true,"href":"https:\/\/www.atta45.se\/e-butik\/wp-json\/wp\/v2\/media\/59643"}],"wp:attachment":[{"href":"https:\/\/www.atta45.se\/e-butik\/wp-json\/wp\/v2\/media?parent=59642"}],"wp:term":[{"taxonomy":"product_brand","embeddable":true,"href":"https:\/\/www.atta45.se\/e-butik\/wp-json\/wp\/v2\/product_brand?post=59642"},{"taxonomy":"product_cat","embeddable":true,"href":"https:\/\/www.atta45.se\/e-butik\/wp-json\/wp\/v2\/product_cat?post=59642"},{"taxonomy":"product_tag","embeddable":true,"href":"https:\/\/www.atta45.se\/e-butik\/wp-json\/wp\/v2\/product_tag?post=59642"}],"curies":[{"name":"wp","href":"https:\/\/api.w.org\/{rel}","templated":true}]}}