{"id":59592,"date":"2024-12-26T22:30:49","date_gmt":"2024-12-26T21:30:49","guid":{"rendered":"https:\/\/www.atta45.se\/e-butik\/?post_type=product&#038;p=59592"},"modified":"2025-10-27T19:05:57","modified_gmt":"2025-10-27T18:05:57","slug":"schwarzwolf-bako-multifunktionell-kniv","status":"publish","type":"product","link":"https:\/\/www.atta45.se\/e-butik\/produkt\/schwarzwolf-bako-multifunktionell-kniv\/","title":{"rendered":"Kniv Schwarzwolf BAKO, Multifunktionell"},"content":{"rendered":"<p>Multifunktionell Schwarzwolf-kniv i fodral med sladd. Den multifunktionella knivhandtaget kan anv\u00e4ndas som flask\u00f6ppnare och skiftnyckelh\u00e5l f\u00f6r att dra \u00e5t muttrar.<br \/>I sladden ing\u00e5r en orange visselpipa. Fodralet \u00e4r tillverkat av speciell plastlegering Kydex. F\u00f6rpackad i presentf\u00f6rpackning.<br \/>Material: rostfritt st\u00e5l, specialplastlegering Kydex<br \/>Rekommenderad utskriftsteknik: laser L1<br \/>Maximal utskriftsstorlek: 30 \u00d7 7 mm<br \/>M\u00e5tt: kniv 13 \u00d7 2 cm, fodral 7,5 \u00d7 5,5 cm, dragsko l\u00e4ngd 45 cm<br \/>Koldioxidavtryck: gCO2e 369<\/p>\n","protected":false},"excerpt":{"rendered":"<p>Multifunktionell Schwarzwolf-kniv i fodral med sladd. Den multifunktionella knivhandtaget kan anv\u00e4ndas som flask\u00f6ppnare och skiftnyckelh\u00e5l f\u00f6r att dra \u00e5t muttrar.I sladden ing\u00e5r en orange visselpipa. Fodralet \u00e4r tillverkat av speciell plastlegering Kydex. F\u00f6rpackad i presentf\u00f6rpackning.Material: rostfritt st\u00e5l, specialplastlegering KydexRekommenderad utskriftsteknik: laser L1Maximal utskriftsstorlek: 30 \u00d7 7 mmM\u00e5tt: kniv 13 \u00d7 2 cm, fodral 7,5 \u00d7 [&hellip;]<\/p>\n","protected":false},"featured_media":59593,"template":"","meta":{"_acf_changed":false,"_seopress_robots_primary_cat":"","_seopress_titles_title":"","_seopress_titles_desc":"","_seopress_robots_index":""},"product_brand":[],"product_cat":[15],"product_tag":[],"class_list":{"0":"post-59592","1":"product","2":"type-product","3":"status-publish","4":"has-post-thumbnail","6":"product_cat-okategoriserad","7":"atta45_taxonomy-reflexer-verktyg-sakerhet-knivar-sv","8":"atta45_taxonomy-fritid-overlevnadsprodukter-sv","9":"atta45_taxonomy-tema-inspiration-varumarken-schwarzwolf-sv","11":"first","12":"instock","13":"taxable","14":"shipping-taxable","15":"purchasable","16":"product-type-variable"},"acf":[],"_links":{"self":[{"href":"https:\/\/www.atta45.se\/e-butik\/wp-json\/wp\/v2\/product\/59592","targetHints":{"allow":["GET"]}}],"collection":[{"href":"https:\/\/www.atta45.se\/e-butik\/wp-json\/wp\/v2\/product"}],"about":[{"href":"https:\/\/www.atta45.se\/e-butik\/wp-json\/wp\/v2\/types\/product"}],"wp:featuredmedia":[{"embeddable":true,"href":"https:\/\/www.atta45.se\/e-butik\/wp-json\/wp\/v2\/media\/59593"}],"wp:attachment":[{"href":"https:\/\/www.atta45.se\/e-butik\/wp-json\/wp\/v2\/media?parent=59592"}],"wp:term":[{"taxonomy":"product_brand","embeddable":true,"href":"https:\/\/www.atta45.se\/e-butik\/wp-json\/wp\/v2\/product_brand?post=59592"},{"taxonomy":"product_cat","embeddable":true,"href":"https:\/\/www.atta45.se\/e-butik\/wp-json\/wp\/v2\/product_cat?post=59592"},{"taxonomy":"product_tag","embeddable":true,"href":"https:\/\/www.atta45.se\/e-butik\/wp-json\/wp\/v2\/product_tag?post=59592"}],"curies":[{"name":"wp","href":"https:\/\/api.w.org\/{rel}","templated":true}]}}