{"id":59586,"date":"2024-12-26T22:30:41","date_gmt":"2024-12-26T21:30:41","guid":{"rendered":"https:\/\/www.atta45.se\/e-butik\/?post_type=product&#038;p=59586"},"modified":"2025-10-27T18:14:33","modified_gmt":"2025-10-27T17:14:33","slug":"schwarzwolf-atacama-multifunktionell-nyckelring","status":"publish","type":"product","link":"https:\/\/www.atta45.se\/e-butik\/produkt\/schwarzwolf-atacama-multifunktionell-nyckelring\/","title":{"rendered":"Nyckelring multifunktionell  Schwarzwolf Atacama"},"content":{"rendered":"<p>Multifunktionell Schwarzwolf nyckelring inneh\u00e5ller<br \/>13 anv\u00e4ndbara verktyg. F\u00f6rpackad i Schwarzwolf presentf\u00f6rpackning.<br \/>Material: S \/ S 420 st\u00e5l<br \/>Rekommenderad m\u00e4rkning: Lasergravyr L1<br \/>Maximalt tryckstorlek: 20 \u00d7 6 mm<br \/>M\u00e5tt: 7.4 \u00d7 2.4 cm<\/p>\n","protected":false},"excerpt":{"rendered":"<p>Multifunktionell Schwarzwolf nyckelring inneh\u00e5ller13 anv\u00e4ndbara verktyg. F\u00f6rpackad i Schwarzwolf presentf\u00f6rpackning.Material: S \/ S 420 st\u00e5lRekommenderad m\u00e4rkning: Lasergravyr L1Maximalt tryckstorlek: 20 \u00d7 6 mmM\u00e5tt: 7.4 \u00d7 2.4 cm<\/p>\n","protected":false},"featured_media":59587,"template":"","meta":{"_acf_changed":false,"_seopress_robots_primary_cat":"","_seopress_titles_title":"","_seopress_titles_desc":"","_seopress_robots_index":""},"product_brand":[],"product_cat":[15],"product_tag":[],"class_list":{"0":"post-59586","1":"product","2":"type-product","3":"status-publish","4":"has-post-thumbnail","6":"product_cat-okategoriserad","7":"atta45_taxonomy-reflexer-verktyg-sakerhet-multiverktyg-sv","8":"atta45_taxonomy-praktiska-ting-nyckelringar-utan-lampor-sv","9":"atta45_taxonomy-reflexer-verktyg-sakerhet-overlevnadsprodukter-sv","10":"atta45_taxonomy-fritid-overlevnadsprodukter-sv","11":"atta45_taxonomy-tema-inspiration-varumarken-schwarzwolf-sv","13":"first","14":"instock","15":"taxable","16":"shipping-taxable","17":"purchasable","18":"product-type-variable"},"acf":[],"_links":{"self":[{"href":"https:\/\/www.atta45.se\/e-butik\/wp-json\/wp\/v2\/product\/59586","targetHints":{"allow":["GET"]}}],"collection":[{"href":"https:\/\/www.atta45.se\/e-butik\/wp-json\/wp\/v2\/product"}],"about":[{"href":"https:\/\/www.atta45.se\/e-butik\/wp-json\/wp\/v2\/types\/product"}],"wp:featuredmedia":[{"embeddable":true,"href":"https:\/\/www.atta45.se\/e-butik\/wp-json\/wp\/v2\/media\/59587"}],"wp:attachment":[{"href":"https:\/\/www.atta45.se\/e-butik\/wp-json\/wp\/v2\/media?parent=59586"}],"wp:term":[{"taxonomy":"product_brand","embeddable":true,"href":"https:\/\/www.atta45.se\/e-butik\/wp-json\/wp\/v2\/product_brand?post=59586"},{"taxonomy":"product_cat","embeddable":true,"href":"https:\/\/www.atta45.se\/e-butik\/wp-json\/wp\/v2\/product_cat?post=59586"},{"taxonomy":"product_tag","embeddable":true,"href":"https:\/\/www.atta45.se\/e-butik\/wp-json\/wp\/v2\/product_tag?post=59586"}],"curies":[{"name":"wp","href":"https:\/\/api.w.org\/{rel}","templated":true}]}}