{"id":59576,"date":"2024-12-26T22:30:32","date_gmt":"2024-12-26T21:30:32","guid":{"rendered":"https:\/\/www.atta45.se\/e-butik\/?post_type=product&#038;p=59576"},"modified":"2025-10-27T18:11:31","modified_gmt":"2025-10-27T17:11:31","slug":"schwarzwolf-tronador-pannlampa","status":"publish","type":"product","link":"https:\/\/www.atta45.se\/e-butik\/produkt\/schwarzwolf-tronador-pannlampa\/","title":{"rendered":"Pannlampa Schwarzwolf Tronador"},"content":{"rendered":"<p>Pannlampa Schwarzwolf i svart med COB diod. Lampan har tre l\u00e4gen: svagt ljus, starkt och blinkande. Huvudband i gummi med Schwarzwolf logotyp. F\u00f6rpackad i Schwarzwolf presentf\u00f6rpackning.<br \/>Ljusstyrka: 120 lumen<br \/>Rekommenderad m\u00e4rkning varum\u00e4rke: Tampotryck T3<br \/>Maximal tryckstorlek: 20 \u00d7 10 mm<br \/>M\u00e5tt: 6,5 \u00d7 4 \u00d7 4,5 cm<br \/>Batterier 3 \u00d7 AAA ing\u00e5r<\/p>\n","protected":false},"excerpt":{"rendered":"<p>Pannlampa Schwarzwolf i svart med COB diod. Lampan har tre l\u00e4gen: svagt ljus, starkt och blinkande. Huvudband i gummi med Schwarzwolf logotyp. F\u00f6rpackad i Schwarzwolf presentf\u00f6rpackning.Ljusstyrka: 120 lumenRekommenderad m\u00e4rkning varum\u00e4rke: Tampotryck T3Maximal tryckstorlek: 20 \u00d7 10 mmM\u00e5tt: 6,5 \u00d7 4 \u00d7 4,5 cmBatterier 3 \u00d7 AAA ing\u00e5r<\/p>\n","protected":false},"featured_media":59577,"template":"","meta":{"_acf_changed":false,"_seopress_robots_primary_cat":"","_seopress_titles_title":"","_seopress_titles_desc":"","_seopress_robots_index":""},"product_brand":[],"product_cat":[15],"product_tag":[],"class_list":{"0":"post-59576","1":"product","2":"type-product","3":"status-publish","4":"has-post-thumbnail","6":"product_cat-okategoriserad","7":"atta45_taxonomy-reflexer-verktyg-sakerhet-lampor-sv","8":"atta45_taxonomy-fritid-overlevnadsprodukter-sv","9":"atta45_taxonomy-reflexer-verktyg-sakerhet-overlevnadsprodukter-sv","10":"atta45_taxonomy-tema-inspiration-varumarken-schwarzwolf-sv","12":"first","13":"instock","14":"taxable","15":"shipping-taxable","16":"purchasable","17":"product-type-variable"},"acf":[],"_links":{"self":[{"href":"https:\/\/www.atta45.se\/e-butik\/wp-json\/wp\/v2\/product\/59576","targetHints":{"allow":["GET"]}}],"collection":[{"href":"https:\/\/www.atta45.se\/e-butik\/wp-json\/wp\/v2\/product"}],"about":[{"href":"https:\/\/www.atta45.se\/e-butik\/wp-json\/wp\/v2\/types\/product"}],"wp:featuredmedia":[{"embeddable":true,"href":"https:\/\/www.atta45.se\/e-butik\/wp-json\/wp\/v2\/media\/59577"}],"wp:attachment":[{"href":"https:\/\/www.atta45.se\/e-butik\/wp-json\/wp\/v2\/media?parent=59576"}],"wp:term":[{"taxonomy":"product_brand","embeddable":true,"href":"https:\/\/www.atta45.se\/e-butik\/wp-json\/wp\/v2\/product_brand?post=59576"},{"taxonomy":"product_cat","embeddable":true,"href":"https:\/\/www.atta45.se\/e-butik\/wp-json\/wp\/v2\/product_cat?post=59576"},{"taxonomy":"product_tag","embeddable":true,"href":"https:\/\/www.atta45.se\/e-butik\/wp-json\/wp\/v2\/product_tag?post=59576"}],"curies":[{"name":"wp","href":"https:\/\/api.w.org\/{rel}","templated":true}]}}