{"id":59556,"date":"2024-12-26T22:30:07","date_gmt":"2024-12-26T21:30:07","guid":{"rendered":"https:\/\/www.atta45.se\/e-butik\/?post_type=product&#038;p=59556"},"modified":"2025-10-28T03:29:19","modified_gmt":"2025-10-28T02:29:19","slug":"multiwear-pannband","status":"publish","type":"product","link":"https:\/\/www.atta45.se\/e-butik\/produkt\/multiwear-pannband\/","title":{"rendered":"Multiwear\u2122 Pannband"},"content":{"rendered":"<p>Multifunktionellt plagg med fina m\u00f6jligheter till tryck i egen design.Sytt med dubbelt lager f\u00f6r fin komfort. Perfekt vid alla utomhusaktiviteter. Idealiskt f\u00f6r kampanjutskick. Levereras i polybag med tryckta instruktioner. Kontakta oss f\u00f6r m\u00f6jligheter till f\u00f6rpackningsl\u00f6sningar i egen design.<\/p>\n","protected":false},"excerpt":{"rendered":"<p>Multifunktionellt plagg med fina m\u00f6jligheter till tryck i egen design.Sytt med dubbelt lager f\u00f6r fin komfort. Perfekt vid alla utomhusaktiviteter. Idealiskt f\u00f6r kampanjutskick. Levereras i polybag med tryckta instruktioner. Kontakta oss f\u00f6r m\u00f6jligheter till f\u00f6rpackningsl\u00f6sningar i egen design.<\/p>\n","protected":false},"featured_media":59557,"template":"","meta":{"_acf_changed":false,"_seopress_robots_primary_cat":"","_seopress_titles_title":"","_seopress_titles_desc":"","_seopress_robots_index":""},"product_brand":[],"product_cat":[15],"product_tag":[],"class_list":{"0":"post-59556","1":"product","2":"type-product","3":"status-publish","4":"has-post-thumbnail","6":"product_cat-okategoriserad","7":"atta45_taxonomy-tema-inspiration-varumarken-multiwear-sv","8":"atta45_taxonomy-multiwear-sv","9":"atta45_taxonomy-fritid-multiwear-sv","10":"atta45_taxonomy-kepsar-mossor-btcap-collection-multiwear-sv","12":"first","13":"instock","14":"taxable","15":"shipping-taxable","16":"purchasable","17":"product-type-variable"},"acf":[],"_links":{"self":[{"href":"https:\/\/www.atta45.se\/e-butik\/wp-json\/wp\/v2\/product\/59556","targetHints":{"allow":["GET"]}}],"collection":[{"href":"https:\/\/www.atta45.se\/e-butik\/wp-json\/wp\/v2\/product"}],"about":[{"href":"https:\/\/www.atta45.se\/e-butik\/wp-json\/wp\/v2\/types\/product"}],"wp:featuredmedia":[{"embeddable":true,"href":"https:\/\/www.atta45.se\/e-butik\/wp-json\/wp\/v2\/media\/59557"}],"wp:attachment":[{"href":"https:\/\/www.atta45.se\/e-butik\/wp-json\/wp\/v2\/media?parent=59556"}],"wp:term":[{"taxonomy":"product_brand","embeddable":true,"href":"https:\/\/www.atta45.se\/e-butik\/wp-json\/wp\/v2\/product_brand?post=59556"},{"taxonomy":"product_cat","embeddable":true,"href":"https:\/\/www.atta45.se\/e-butik\/wp-json\/wp\/v2\/product_cat?post=59556"},{"taxonomy":"product_tag","embeddable":true,"href":"https:\/\/www.atta45.se\/e-butik\/wp-json\/wp\/v2\/product_tag?post=59556"}],"curies":[{"name":"wp","href":"https:\/\/api.w.org\/{rel}","templated":true}]}}