{"id":59452,"date":"2024-12-26T22:27:18","date_gmt":"2024-12-26T21:27:18","guid":{"rendered":"https:\/\/www.atta45.se\/e-butik\/?post_type=product&#038;p=59452"},"modified":"2025-10-28T03:24:33","modified_gmt":"2025-10-28T02:24:33","slug":"multiwear-twin","status":"publish","type":"product","link":"https:\/\/www.atta45.se\/e-butik\/produkt\/multiwear-twin\/","title":{"rendered":"Multiwear\u2122 Twin"},"content":{"rendered":"<p>Multifunktionellt plagg med fina m\u00f6jligheter till tryck i egen design. <\/p>\n<p>Multiwear\u2122 Twin \u00e4r en version med dubbla lager tyg (2 x 140 g), som kan ha olika motiv p\u00e5 de olika sidorna.<\/p>\n<p>Kan b\u00e4ras som scarf, halsduk, m\u00f6ssa, pannband m m. <\/p>\n<p>Perfekt vid alla utomhusaktiviteter. <br \/>Idealiskt f\u00f6r kampanjutskick. <\/p>\n<p>Levereras i polybag med tryckta instruktioner. <\/p>\n<p>Kontakta oss f\u00f6r m\u00f6jligheter till f\u00f6rpackningsl\u00f6sningar i egen design.<\/p>\n","protected":false},"excerpt":{"rendered":"<p>Multifunktionellt plagg med fina m\u00f6jligheter till tryck i egen design. Multiwear\u2122 Twin \u00e4r en version med dubbla lager tyg (2 x 140 g), som kan ha olika motiv p\u00e5 de olika sidorna. Kan b\u00e4ras som scarf, halsduk, m\u00f6ssa, pannband m m. Perfekt vid alla utomhusaktiviteter. Idealiskt f\u00f6r kampanjutskick. Levereras i polybag med tryckta instruktioner. Kontakta [&hellip;]<\/p>\n","protected":false},"featured_media":59453,"template":"","meta":{"_acf_changed":false,"_seopress_robots_primary_cat":"","_seopress_titles_title":"","_seopress_titles_desc":"","_seopress_robots_index":""},"product_brand":[],"product_cat":[15],"product_tag":[],"class_list":{"0":"post-59452","1":"product","2":"type-product","3":"status-publish","4":"has-post-thumbnail","6":"product_cat-okategoriserad","7":"atta45_taxonomy-multiwear-sv","8":"atta45_taxonomy-fritid-multiwear-sv","9":"atta45_taxonomy-textil-fritid-multiwear-sv","10":"atta45_taxonomy-tema-inspiration-varumarken-ycp-sv","12":"first","13":"instock","14":"taxable","15":"shipping-taxable","16":"purchasable","17":"product-type-variable"},"acf":[],"_links":{"self":[{"href":"https:\/\/www.atta45.se\/e-butik\/wp-json\/wp\/v2\/product\/59452","targetHints":{"allow":["GET"]}}],"collection":[{"href":"https:\/\/www.atta45.se\/e-butik\/wp-json\/wp\/v2\/product"}],"about":[{"href":"https:\/\/www.atta45.se\/e-butik\/wp-json\/wp\/v2\/types\/product"}],"wp:featuredmedia":[{"embeddable":true,"href":"https:\/\/www.atta45.se\/e-butik\/wp-json\/wp\/v2\/media\/59453"}],"wp:attachment":[{"href":"https:\/\/www.atta45.se\/e-butik\/wp-json\/wp\/v2\/media?parent=59452"}],"wp:term":[{"taxonomy":"product_brand","embeddable":true,"href":"https:\/\/www.atta45.se\/e-butik\/wp-json\/wp\/v2\/product_brand?post=59452"},{"taxonomy":"product_cat","embeddable":true,"href":"https:\/\/www.atta45.se\/e-butik\/wp-json\/wp\/v2\/product_cat?post=59452"},{"taxonomy":"product_tag","embeddable":true,"href":"https:\/\/www.atta45.se\/e-butik\/wp-json\/wp\/v2\/product_tag?post=59452"}],"curies":[{"name":"wp","href":"https:\/\/api.w.org\/{rel}","templated":true}]}}