{"id":59432,"date":"2024-12-26T22:27:06","date_gmt":"2024-12-26T21:27:06","guid":{"rendered":"https:\/\/www.atta45.se\/e-butik\/?post_type=product&#038;p=59432"},"modified":"2025-10-28T00:56:52","modified_gmt":"2025-10-27T23:56:52","slug":"schwarzwolf-bandana-multifunktionell-bandana","status":"publish","type":"product","link":"https:\/\/www.atta45.se\/e-butik\/produkt\/schwarzwolf-bandana-multifunktionell-bandana\/","title":{"rendered":"Multiwear\u2122 Schwarzwolf"},"content":{"rendered":"<p>Multifunktionell bandana Schwarzwolf, 100%<br \/>polyester microfiber. Levereras i polybag med<br \/>Schwarzwolf istickskort.<br \/>Rekommenderad m\u00e4rkning: Screentryck S2 <br \/>Max tryckyta: 100 \u00d7 60 mm<br \/>Storlek: 48 \u00d7 24.8 cm<\/p>\n","protected":false},"excerpt":{"rendered":"<p>Multifunktionell bandana Schwarzwolf, 100%polyester microfiber. Levereras i polybag medSchwarzwolf istickskort.Rekommenderad m\u00e4rkning: Screentryck S2 Max tryckyta: 100 \u00d7 60 mmStorlek: 48 \u00d7 24.8 cm<\/p>\n","protected":false},"featured_media":59433,"template":"","meta":{"_acf_changed":false,"_seopress_robots_primary_cat":"","_seopress_titles_title":"","_seopress_titles_desc":"","_seopress_robots_index":""},"product_brand":[],"product_cat":[15],"product_tag":[],"class_list":{"0":"post-59432","1":"product","2":"type-product","3":"status-publish","4":"has-post-thumbnail","6":"product_cat-okategoriserad","7":"atta45_taxonomy-textil-mossor-kepsar-accessoarer-sv","8":"atta45_taxonomy-multiwear-sv","9":"atta45_taxonomy-fritid-multiwear-sv","10":"atta45_taxonomy-tema-inspiration-varumarken-schwarzwolf-sv","12":"first","13":"instock","14":"taxable","15":"shipping-taxable","16":"purchasable","17":"product-type-variable"},"acf":[],"_links":{"self":[{"href":"https:\/\/www.atta45.se\/e-butik\/wp-json\/wp\/v2\/product\/59432","targetHints":{"allow":["GET"]}}],"collection":[{"href":"https:\/\/www.atta45.se\/e-butik\/wp-json\/wp\/v2\/product"}],"about":[{"href":"https:\/\/www.atta45.se\/e-butik\/wp-json\/wp\/v2\/types\/product"}],"wp:featuredmedia":[{"embeddable":true,"href":"https:\/\/www.atta45.se\/e-butik\/wp-json\/wp\/v2\/media\/59433"}],"wp:attachment":[{"href":"https:\/\/www.atta45.se\/e-butik\/wp-json\/wp\/v2\/media?parent=59432"}],"wp:term":[{"taxonomy":"product_brand","embeddable":true,"href":"https:\/\/www.atta45.se\/e-butik\/wp-json\/wp\/v2\/product_brand?post=59432"},{"taxonomy":"product_cat","embeddable":true,"href":"https:\/\/www.atta45.se\/e-butik\/wp-json\/wp\/v2\/product_cat?post=59432"},{"taxonomy":"product_tag","embeddable":true,"href":"https:\/\/www.atta45.se\/e-butik\/wp-json\/wp\/v2\/product_tag?post=59432"}],"curies":[{"name":"wp","href":"https:\/\/api.w.org\/{rel}","templated":true}]}}