{"id":59420,"date":"2024-12-26T22:26:52","date_gmt":"2024-12-26T21:26:52","guid":{"rendered":"https:\/\/www.atta45.se\/e-butik\/?post_type=product&#038;p=59420"},"modified":"2025-10-27T17:49:51","modified_gmt":"2025-10-27T16:49:51","slug":"multiwear-pannband-classic-eu","status":"publish","type":"product","link":"https:\/\/www.atta45.se\/e-butik\/produkt\/multiwear-pannband-classic-eu\/","title":{"rendered":"Multiwear pannband Classic EU"},"content":{"rendered":"<p>Dubbelt elastiskt band med sublimeringstryck med en platt s\u00f6m f\u00f6r att s\u00e4kerst\u00e4lla komfort under anv\u00e4ndning.<\/p>\n<p>Hela produkten trycks i din design. Allt fr\u00e5n bottenf\u00e4rgen till logotypen. G\u00f6rs i fullf\u00e4rgstryck, vilket ger total frihet i f\u00e4rger och layout.<\/p>\n<p>Size: 25\u00d79 cm (+\/- 1 cm)<br \/>Material: 100% Polyester<br \/>Material weight: 125 g \/ m2<br \/>Packed: individual<\/p>\n<p>The One Premium<\/p>\n","protected":false},"excerpt":{"rendered":"<p>Dubbelt elastiskt band med sublimeringstryck med en platt s\u00f6m f\u00f6r att s\u00e4kerst\u00e4lla komfort under anv\u00e4ndning. Hela produkten trycks i din design. Allt fr\u00e5n bottenf\u00e4rgen till logotypen. G\u00f6rs i fullf\u00e4rgstryck, vilket ger total frihet i f\u00e4rger och layout. Size: 25\u00d79 cm (+\/- 1 cm)Material: 100% PolyesterMaterial weight: 125 g \/ m2Packed: individual The One Premium<\/p>\n","protected":false},"featured_media":59421,"template":"","meta":{"_acf_changed":false,"_seopress_robots_primary_cat":"","_seopress_titles_title":"","_seopress_titles_desc":"","_seopress_robots_index":""},"product_brand":[],"product_cat":[15],"product_tag":[],"class_list":{"0":"post-59420","1":"product","2":"type-product","3":"status-publish","4":"has-post-thumbnail","6":"product_cat-okategoriserad","7":"atta45_taxonomy-fritid-multiwear-sv","8":"atta45_taxonomy-textil-fritid-multiwear-sv","9":"atta45_taxonomy-multiwear-sv","10":"atta45_taxonomy-tema-inspiration-varumarken-the-one-premium-sv","12":"first","13":"instock","14":"taxable","15":"shipping-taxable","16":"purchasable","17":"product-type-variable"},"acf":[],"_links":{"self":[{"href":"https:\/\/www.atta45.se\/e-butik\/wp-json\/wp\/v2\/product\/59420","targetHints":{"allow":["GET"]}}],"collection":[{"href":"https:\/\/www.atta45.se\/e-butik\/wp-json\/wp\/v2\/product"}],"about":[{"href":"https:\/\/www.atta45.se\/e-butik\/wp-json\/wp\/v2\/types\/product"}],"wp:featuredmedia":[{"embeddable":true,"href":"https:\/\/www.atta45.se\/e-butik\/wp-json\/wp\/v2\/media\/59421"}],"wp:attachment":[{"href":"https:\/\/www.atta45.se\/e-butik\/wp-json\/wp\/v2\/media?parent=59420"}],"wp:term":[{"taxonomy":"product_brand","embeddable":true,"href":"https:\/\/www.atta45.se\/e-butik\/wp-json\/wp\/v2\/product_brand?post=59420"},{"taxonomy":"product_cat","embeddable":true,"href":"https:\/\/www.atta45.se\/e-butik\/wp-json\/wp\/v2\/product_cat?post=59420"},{"taxonomy":"product_tag","embeddable":true,"href":"https:\/\/www.atta45.se\/e-butik\/wp-json\/wp\/v2\/product_tag?post=59420"}],"curies":[{"name":"wp","href":"https:\/\/api.w.org\/{rel}","templated":true}]}}