{"id":59366,"date":"2024-12-26T22:25:47","date_gmt":"2024-12-26T21:25:47","guid":{"rendered":"https:\/\/www.atta45.se\/e-butik\/?post_type=product&#038;p=59366"},"modified":"2025-10-27T17:46:05","modified_gmt":"2025-10-27T16:46:05","slug":"multiwear-premium-top-eu","status":"publish","type":"product","link":"https:\/\/www.atta45.se\/e-butik\/produkt\/multiwear-premium-top-eu\/","title":{"rendered":"Multiwear Premium Top EU"},"content":{"rendered":"<p>Multiwear designad f\u00f6r anv\u00e4ndning \u00e5ret runt. Perfekt skydd mot kyla och solljus under utomhusaktiveteter.<\/p>\n<p>Hela produkten trycks i din design. Allt fr\u00e5n bottenf\u00e4rgen till logotypen. G\u00f6rs i fullf\u00e4rgstryck, vilket ger total frihet i f\u00e4rger och layout.<\/p>\n<p>Storlek: 25 \u00d7 50 cm (+\/- 1 cm)<br \/>Material: 100% polyester<br \/>Materialvikt: 150 g \/ m2<br \/>Packas: individuell <\/p>\n<p>The One Premium<\/p>\n","protected":false},"excerpt":{"rendered":"<p>Multiwear designad f\u00f6r anv\u00e4ndning \u00e5ret runt. Perfekt skydd mot kyla och solljus under utomhusaktiveteter. Hela produkten trycks i din design. Allt fr\u00e5n bottenf\u00e4rgen till logotypen. G\u00f6rs i fullf\u00e4rgstryck, vilket ger total frihet i f\u00e4rger och layout. Storlek: 25 \u00d7 50 cm (+\/- 1 cm)Material: 100% polyesterMaterialvikt: 150 g \/ m2Packas: individuell The One Premium<\/p>\n","protected":false},"featured_media":59367,"template":"","meta":{"_acf_changed":false,"_seopress_robots_primary_cat":"","_seopress_titles_title":"","_seopress_titles_desc":"","_seopress_robots_index":""},"product_brand":[],"product_cat":[15],"product_tag":[],"class_list":{"0":"post-59366","1":"product","2":"type-product","3":"status-publish","4":"has-post-thumbnail","6":"product_cat-okategoriserad","7":"atta45_taxonomy-multiwear-sv","8":"atta45_taxonomy-fritid-multiwear-sv","9":"atta45_taxonomy-textil-fritid-multiwear-sv","10":"atta45_taxonomy-tema-inspiration-varumarken-the-one-premium-sv","12":"first","13":"instock","14":"taxable","15":"shipping-taxable","16":"purchasable","17":"product-type-variable"},"acf":[],"_links":{"self":[{"href":"https:\/\/www.atta45.se\/e-butik\/wp-json\/wp\/v2\/product\/59366","targetHints":{"allow":["GET"]}}],"collection":[{"href":"https:\/\/www.atta45.se\/e-butik\/wp-json\/wp\/v2\/product"}],"about":[{"href":"https:\/\/www.atta45.se\/e-butik\/wp-json\/wp\/v2\/types\/product"}],"wp:featuredmedia":[{"embeddable":true,"href":"https:\/\/www.atta45.se\/e-butik\/wp-json\/wp\/v2\/media\/59367"}],"wp:attachment":[{"href":"https:\/\/www.atta45.se\/e-butik\/wp-json\/wp\/v2\/media?parent=59366"}],"wp:term":[{"taxonomy":"product_brand","embeddable":true,"href":"https:\/\/www.atta45.se\/e-butik\/wp-json\/wp\/v2\/product_brand?post=59366"},{"taxonomy":"product_cat","embeddable":true,"href":"https:\/\/www.atta45.se\/e-butik\/wp-json\/wp\/v2\/product_cat?post=59366"},{"taxonomy":"product_tag","embeddable":true,"href":"https:\/\/www.atta45.se\/e-butik\/wp-json\/wp\/v2\/product_tag?post=59366"}],"curies":[{"name":"wp","href":"https:\/\/api.w.org\/{rel}","templated":true}]}}