{"id":59342,"date":"2024-12-26T22:25:27","date_gmt":"2024-12-26T21:25:27","guid":{"rendered":"https:\/\/www.atta45.se\/e-butik\/?post_type=product&#038;p=59342"},"modified":"2025-10-27T16:43:55","modified_gmt":"2025-10-27T15:43:55","slug":"kylvaska-i-kraftpapper-declan","status":"publish","type":"product","link":"https:\/\/www.atta45.se\/e-butik\/produkt\/kylvaska-i-kraftpapper-declan\/","title":{"rendered":"Kylv\u00e4ska i kraftpapper Declan"},"content":{"rendered":"<p>Kylv\u00e4ska av tv\u00e4ttbart kraftpapper med innerfodral av PEVA (15C). Ett kort handtag samt kardborrest\u00e4ngning.<\/p>\n","protected":false},"excerpt":{"rendered":"<p>Kylv\u00e4ska av tv\u00e4ttbart kraftpapper med innerfodral av PEVA (15C). Ett kort handtag samt kardborrest\u00e4ngning.<\/p>\n","protected":false},"featured_media":59343,"template":"","meta":{"_acf_changed":false,"_seopress_robots_primary_cat":"","_seopress_titles_title":"","_seopress_titles_desc":"","_seopress_robots_index":""},"product_brand":[],"product_cat":[15],"product_tag":[],"class_list":{"0":"post-59342","1":"product","2":"type-product","3":"status-publish","4":"has-post-thumbnail","6":"product_cat-okategoriserad","7":"atta45_taxonomy-tema-inspiration-grona-intryck-sv","8":"atta45_taxonomy-vaskor-resetillbehor-kylvaskor-sv","9":"atta45_taxonomy-fritid-kylvaskor-sv","10":"atta45_taxonomy-tema-inspiration-speciella-trycktekniker-name-it-sv","11":"atta45_taxonomy-textil-sport-performance-sv","12":"atta45_taxonomy-fritid-sportartiklar-sv","13":"atta45_taxonomy-vaskor-resetillbehor-sport-resvaskor-sv","14":"atta45_taxonomy-textil-vaskor-bagar-sv","15":"atta45_taxonomy-vaskor-resetillbehor-sv","17":"first","18":"instock","19":"taxable","20":"shipping-taxable","21":"purchasable","22":"product-type-variable"},"acf":[],"_links":{"self":[{"href":"https:\/\/www.atta45.se\/e-butik\/wp-json\/wp\/v2\/product\/59342","targetHints":{"allow":["GET"]}}],"collection":[{"href":"https:\/\/www.atta45.se\/e-butik\/wp-json\/wp\/v2\/product"}],"about":[{"href":"https:\/\/www.atta45.se\/e-butik\/wp-json\/wp\/v2\/types\/product"}],"wp:featuredmedia":[{"embeddable":true,"href":"https:\/\/www.atta45.se\/e-butik\/wp-json\/wp\/v2\/media\/59343"}],"wp:attachment":[{"href":"https:\/\/www.atta45.se\/e-butik\/wp-json\/wp\/v2\/media?parent=59342"}],"wp:term":[{"taxonomy":"product_brand","embeddable":true,"href":"https:\/\/www.atta45.se\/e-butik\/wp-json\/wp\/v2\/product_brand?post=59342"},{"taxonomy":"product_cat","embeddable":true,"href":"https:\/\/www.atta45.se\/e-butik\/wp-json\/wp\/v2\/product_cat?post=59342"},{"taxonomy":"product_tag","embeddable":true,"href":"https:\/\/www.atta45.se\/e-butik\/wp-json\/wp\/v2\/product_tag?post=59342"}],"curies":[{"name":"wp","href":"https:\/\/api.w.org\/{rel}","templated":true}]}}