{"id":59312,"date":"2024-12-26T22:25:06","date_gmt":"2024-12-26T21:25:06","guid":{"rendered":"https:\/\/www.atta45.se\/e-butik\/?post_type=product&#038;p=59312"},"modified":"2025-10-27T16:36:34","modified_gmt":"2025-10-27T15:36:34","slug":"kylvaska-av-rpet-polyester-300d-gael","status":"publish","type":"product","link":"https:\/\/www.atta45.se\/e-butik\/produkt\/kylvaska-av-rpet-polyester-300d-gael\/","title":{"rendered":"Kylv\u00e4ska av RPET polyester (300D) Gael"},"content":{"rendered":"<p>Kylv\u00e4ska av RPET (300D) polyester med aluminium p\u00e5 insidan. Passar en 1,5 liters flaska. Med dragkedja och reglerbar b\u00e4rrem.<\/p>\n","protected":false},"excerpt":{"rendered":"<p>Kylv\u00e4ska av RPET (300D) polyester med aluminium p\u00e5 insidan. Passar en 1,5 liters flaska. Med dragkedja och reglerbar b\u00e4rrem.<\/p>\n","protected":false},"featured_media":59313,"template":"","meta":{"_acf_changed":false,"_seopress_robots_primary_cat":"","_seopress_titles_title":"","_seopress_titles_desc":"","_seopress_robots_index":""},"product_brand":[],"product_cat":[15],"product_tag":[],"class_list":{"0":"post-59312","1":"product","2":"type-product","3":"status-publish","4":"has-post-thumbnail","6":"product_cat-okategoriserad","7":"atta45_taxonomy-tema-inspiration-grona-intryck-eko-vaskor-sv","8":"atta45_taxonomy-tema-inspiration-grona-intryck-sv","9":"atta45_taxonomy-kassar-pasar-kassar-sv","10":"atta45_taxonomy-vaskor-resetillbehor-kylvaskor-sv","11":"atta45_taxonomy-fritid-kylvaskor-sv","12":"atta45_taxonomy-tema-inspiration-speciella-trycktekniker-name-it-sv","13":"atta45_taxonomy-textil-organiskt-sv","14":"atta45_taxonomy-textil-vaskor-bagar-sv","15":"atta45_taxonomy-vaskor-resetillbehor-sv","17":"first","18":"instock","19":"taxable","20":"shipping-taxable","21":"purchasable","22":"product-type-variable"},"acf":[],"_links":{"self":[{"href":"https:\/\/www.atta45.se\/e-butik\/wp-json\/wp\/v2\/product\/59312","targetHints":{"allow":["GET"]}}],"collection":[{"href":"https:\/\/www.atta45.se\/e-butik\/wp-json\/wp\/v2\/product"}],"about":[{"href":"https:\/\/www.atta45.se\/e-butik\/wp-json\/wp\/v2\/types\/product"}],"wp:featuredmedia":[{"embeddable":true,"href":"https:\/\/www.atta45.se\/e-butik\/wp-json\/wp\/v2\/media\/59313"}],"wp:attachment":[{"href":"https:\/\/www.atta45.se\/e-butik\/wp-json\/wp\/v2\/media?parent=59312"}],"wp:term":[{"taxonomy":"product_brand","embeddable":true,"href":"https:\/\/www.atta45.se\/e-butik\/wp-json\/wp\/v2\/product_brand?post=59312"},{"taxonomy":"product_cat","embeddable":true,"href":"https:\/\/www.atta45.se\/e-butik\/wp-json\/wp\/v2\/product_cat?post=59312"},{"taxonomy":"product_tag","embeddable":true,"href":"https:\/\/www.atta45.se\/e-butik\/wp-json\/wp\/v2\/product_tag?post=59312"}],"curies":[{"name":"wp","href":"https:\/\/api.w.org\/{rel}","templated":true}]}}