{"id":59184,"date":"2024-12-26T22:22:40","date_gmt":"2024-12-26T21:22:40","guid":{"rendered":"https:\/\/www.atta45.se\/e-butik\/?post_type=product&#038;p=59184"},"modified":"2025-10-27T16:14:18","modified_gmt":"2025-10-27T15:14:18","slug":"kylvaska-pa-hjul-i-polyester-600d","status":"publish","type":"product","link":"https:\/\/www.atta45.se\/e-butik\/produkt\/kylvaska-pa-hjul-i-polyester-600d\/","title":{"rendered":"Kylv\u00e4ska p\u00e5 hjul i polyester (600D) Isma"},"content":{"rendered":"<p>Kylv\u00e4ska i polyester (600D) p\u00e5 tv\u00e5 hjul med utdragbart handtag. V\u00e4skan har ett stort huvudfack samt ytterfickor fram och p\u00e5 sidorna.<\/p>\n","protected":false},"excerpt":{"rendered":"<p>Kylv\u00e4ska i polyester (600D) p\u00e5 tv\u00e5 hjul med utdragbart handtag. V\u00e4skan har ett stort huvudfack samt ytterfickor fram och p\u00e5 sidorna.<\/p>\n","protected":false},"featured_media":59185,"template":"","meta":{"_acf_changed":false,"_seopress_robots_primary_cat":"","_seopress_titles_title":"","_seopress_titles_desc":"","_seopress_robots_index":""},"product_brand":[],"product_cat":[15],"product_tag":[],"class_list":{"0":"post-59184","1":"product","2":"type-product","3":"status-publish","4":"has-post-thumbnail","6":"product_cat-okategoriserad","7":"atta45_taxonomy-vaskor-resetillbehor-kylvaskor-sv","8":"atta45_taxonomy-fritid-kylvaskor-sv","9":"atta45_taxonomy-textil-sport-performance-sv","10":"atta45_taxonomy-fritid-sportartiklar-sv","11":"atta45_taxonomy-vaskor-resetillbehor-sport-resvaskor-sv","12":"atta45_taxonomy-textil-vaskor-bagar-sv","13":"atta45_taxonomy-vaskor-resetillbehor-sv","15":"first","16":"instock","17":"taxable","18":"shipping-taxable","19":"purchasable","20":"product-type-variable"},"acf":[],"_links":{"self":[{"href":"https:\/\/www.atta45.se\/e-butik\/wp-json\/wp\/v2\/product\/59184","targetHints":{"allow":["GET"]}}],"collection":[{"href":"https:\/\/www.atta45.se\/e-butik\/wp-json\/wp\/v2\/product"}],"about":[{"href":"https:\/\/www.atta45.se\/e-butik\/wp-json\/wp\/v2\/types\/product"}],"wp:featuredmedia":[{"embeddable":true,"href":"https:\/\/www.atta45.se\/e-butik\/wp-json\/wp\/v2\/media\/59185"}],"wp:attachment":[{"href":"https:\/\/www.atta45.se\/e-butik\/wp-json\/wp\/v2\/media?parent=59184"}],"wp:term":[{"taxonomy":"product_brand","embeddable":true,"href":"https:\/\/www.atta45.se\/e-butik\/wp-json\/wp\/v2\/product_brand?post=59184"},{"taxonomy":"product_cat","embeddable":true,"href":"https:\/\/www.atta45.se\/e-butik\/wp-json\/wp\/v2\/product_cat?post=59184"},{"taxonomy":"product_tag","embeddable":true,"href":"https:\/\/www.atta45.se\/e-butik\/wp-json\/wp\/v2\/product_tag?post=59184"}],"curies":[{"name":"wp","href":"https:\/\/api.w.org\/{rel}","templated":true}]}}